{"id":9,"date":"2024-08-01T12:05:14","date_gmt":"2024-08-01T12:05:14","guid":{"rendered":"https:\/\/nypskin.com\/?page_id=9"},"modified":"2024-08-28T14:08:16","modified_gmt":"2024-08-28T14:08:16","slug":"about-us","status":"publish","type":"page","link":"https:\/\/nypskin.com\/es\/about-us\/","title":{"rendered":"ABOUT US"},"content":{"rendered":"<div data-elementor-type=\"wp-page\" data-elementor-id=\"9\" class=\"elementor elementor-9\" data-elementor-post-type=\"page\">\n\t\t\t\t\t\t<section class=\"elementor-section elementor-top-section elementor-element elementor-element-67a7d8f6 elementor-section-boxed elementor-section-height-default elementor-section-height-default\" data-id=\"67a7d8f6\" data-element_type=\"section\" data-settings=\"{&quot;background_background&quot;:&quot;classic&quot;}\">\n\t\t\t\t\t\t\t<div class=\"elementor-background-overlay\"><\/div>\n\t\t\t\t\t\t\t<div class=\"elementor-container elementor-column-gap-default\">\n\t\t\t\t\t<div class=\"elementor-column elementor-col-100 elementor-top-column elementor-element elementor-element-584b3f99\" data-id=\"584b3f99\" data-element_type=\"column\">\n\t\t\t<div class=\"elementor-widget-wrap elementor-element-populated\">\n\t\t\t\t\t\t<div class=\"elementor-element elementor-element-4133d292 elementor-widget elementor-widget-heading\" data-id=\"4133d292\" data-element_type=\"widget\" data-widget_type=\"heading.default\">\n\t\t\t\t<div class=\"elementor-widget-container\">\n\t\t\t\t\t<h2 class=\"elementor-heading-title elementor-size-default\">Acerca de NY Partners Dermatology\n<\/h2>\t\t\t\t<\/div>\n\t\t\t\t<\/div>\n\t\t\t\t<div class=\"elementor-element elementor-element-5233a99 elementor-widget elementor-widget-heading\" data-id=\"5233a99\" data-element_type=\"widget\" data-widget_type=\"heading.default\">\n\t\t\t\t<div class=\"elementor-widget-container\">\n\t\t\t\t\t<h2 class=\"elementor-heading-title elementor-size-default\">Dermatolog\u00eda ubicada en Sunset Park, Brooklyn y Flushing, NY\n<\/h2>\t\t\t\t<\/div>\n\t\t\t\t<\/div>\n\t\t\t\t\t<\/div>\n\t\t<\/div>\n\t\t\t\t\t<\/div>\n\t\t<\/section>\n\t\t\t\t<section class=\"elementor-section elementor-top-section elementor-element elementor-element-a5741b3 elementor-section-boxed elementor-section-height-default elementor-section-height-default\" data-id=\"a5741b3\" data-element_type=\"section\">\n\t\t\t\t\t\t<div class=\"elementor-container elementor-column-gap-default\">\n\t\t\t\t\t<div class=\"elementor-column elementor-col-33 elementor-top-column elementor-element elementor-element-90186e3\" data-id=\"90186e3\" data-element_type=\"column\">\n\t\t\t<div class=\"elementor-widget-wrap elementor-element-populated\">\n\t\t\t\t\t\t<div class=\"elementor-element elementor-element-05b713a elementor-widget elementor-widget-image\" data-id=\"05b713a\" data-element_type=\"widget\" data-widget_type=\"image.default\">\n\t\t\t\t<div class=\"elementor-widget-container\">\n\t\t\t\t\t\t\t\t\t\t\t\t\t\t\t<img fetchpriority=\"high\" decoding=\"async\" width=\"640\" height=\"640\" src=\"https:\/\/nypskin.com\/wp-content\/uploads\/2024\/08\/2647119.webp\" class=\"attachment-large size-large wp-image-170\" alt=\"\" srcset=\"https:\/\/nypskin.com\/wp-content\/uploads\/2024\/08\/2647119.webp 640w, https:\/\/nypskin.com\/wp-content\/uploads\/2024\/08\/2647119-300x300.webp 300w, https:\/\/nypskin.com\/wp-content\/uploads\/2024\/08\/2647119-150x150.webp 150w\" sizes=\"(max-width: 640px) 100vw, 640px\" \/>\t\t\t\t\t\t\t\t\t\t\t\t\t\t\t<\/div>\n\t\t\t\t<\/div>\n\t\t\t\t\t<\/div>\n\t\t<\/div>\n\t\t\t\t<div class=\"elementor-column elementor-col-66 elementor-top-column elementor-element elementor-element-5fb96b1\" data-id=\"5fb96b1\" data-element_type=\"column\" data-settings=\"{&quot;background_background&quot;:&quot;classic&quot;}\">\n\t\t\t<div class=\"elementor-widget-wrap elementor-element-populated\">\n\t\t\t\t\t<div class=\"elementor-background-overlay\"><\/div>\n\t\t\t\t\t\t<div class=\"elementor-element elementor-element-dd23c75 elementor-widget elementor-widget-text-editor\" data-id=\"dd23c75\" data-element_type=\"widget\" data-widget_type=\"text-editor.default\">\n\t\t\t\t<div class=\"elementor-widget-container\">\n\t\t\t\t\t\t\t\t\t<p>NY Partners Dermatology es un consultorio de dermatolog\u00eda excepcional en el vecindario Sunset Park de Brooklyn, Nueva York, dirigido por la dermat\u00f3loga certificada Sarah Y. Siu, MD, FAAD y su experimentado equipo. El consultorio atiende a pacientes de todas las edades en un entorno acogedor, relajante y limpio.\u00a0<\/p><p>Los pacientes que sufren de alopecia (p\u00e9rdida de cabello), acn\u00e9, cicatrices, manchas solares o arrugas pueden confiar en NY Partners Dermatology para recibir una atenci\u00f3n superior. El equipo especializado tambi\u00e9n trata el c\u00e1ncer de piel, la ros\u00e1cea, el eczema, la psoriasis, la dermatitis, las infecciones, la piel seca y m\u00e1s.<\/p><p>NY Partners Dermatology ofrece inyecciones de esteroides, tratamiento para la ca\u00edda del cabello, <span style=\"text-decoration: underline; color: #2e3192;\"><a style=\"color: #2e3192; text-decoration: underline;\" href=\"https:\/\/nypskin.com\/es\/botox\/\">Botox\u00ae<\/a>,<\/span> otros neuromoduladores, rellenos d\u00e9rmicos inyectables, <span style=\"color: #2e3192;\"><span style=\"text-decoration: underline;\"><a style=\"color: #2e3192; text-decoration: underline;\" href=\"https:\/\/nypskin.com\/es\/acne-treatment\/\">tratamientos para el acn\u00e9<\/a>, <span style=\"color: #2e3192; text-decoration: underline;\"><a style=\"color: #2e3192; text-decoration: underline;\" href=\"https:\/\/nypskin.com\/es\/intense-pulsed-light-therapy\/\">luz pulsada intensa (IPL)<\/a>,<\/span><\/span><\/span> y <span style=\"text-decoration: underline;\"><span style=\"color: #2e3192; text-decoration: underline;\"><a style=\"color: #2e3192; text-decoration: underline;\" href=\"https:\/\/nypskin.com\/es\/skin-cancer-screening\/\">ex\u00e1menes de detecci\u00f3n de c\u00e1ncer de piel<\/a>.<\/span><\/span> La pr\u00e1ctica tambi\u00e9n ofrece microdermoabrasi\u00f3n, peelings qu\u00edmicos, extracciones, tratamientos faciales y otros. <span style=\"text-decoration: underline;\"><span style=\"color: #2e3192;\"><a style=\"color: #2e3192; text-decoration: underline;\" href=\"https:\/\/nypskin.com\/es\/aesthetics\/\">est\u00e9tica<\/a><\/span><\/span> Soluciones para perfeccionar la piel de los pacientes y mejorar su calidad de vida.\u00a0<\/p>\t\t\t\t\t\t\t\t<\/div>\n\t\t\t\t<\/div>\n\t\t\t\t\t<\/div>\n\t\t<\/div>\n\t\t\t\t\t<\/div>\n\t\t<\/section>\n\t\t\t\t<section class=\"elementor-section elementor-top-section elementor-element elementor-element-c102680 elementor-section-boxed elementor-section-height-default elementor-section-height-default\" data-id=\"c102680\" data-element_type=\"section\">\n\t\t\t\t\t\t<div class=\"elementor-container elementor-column-gap-default\">\n\t\t\t\t\t<div class=\"elementor-column elementor-col-100 elementor-top-column elementor-element elementor-element-961ed57\" data-id=\"961ed57\" data-element_type=\"column\">\n\t\t\t<div class=\"elementor-widget-wrap elementor-element-populated\">\n\t\t\t\t\t\t<div class=\"elementor-element elementor-element-921a0f0 elementor-widget elementor-widget-text-editor\" data-id=\"921a0f0\" data-element_type=\"widget\" data-widget_type=\"text-editor.default\">\n\t\t\t\t<div class=\"elementor-widget-container\">\n\t\t\t\t\t\t\t\t\t<p>Los expertos especialistas en dermatolog\u00eda de NY Partners tienen muchos a\u00f1os de experiencia en el tratamiento de una variedad de <span style=\"text-decoration: underline; color: #2e3192;\"><a style=\"color: #2e3192; text-decoration: underline;\" href=\"https:\/\/nypskin.com\/es\/service\/skin-diseases\/\">skin diseases<\/a><\/span> y otras afecciones. Se mantienen actualizados con lo \u00faltimo en atenci\u00f3n dermatol\u00f3gica y utilizan tecnolog\u00edas y tratamientos de vanguardia para garantizar una piel impecable.\u00a0<\/p><p>Programe una evaluaci\u00f3n en NY Partners Dermatology por tel\u00e9fono o en l\u00ednea hoy para mejorar la salud de su piel y aprovechar los beneficios de la belleza juvenil.<\/p>\t\t\t\t\t\t\t\t<\/div>\n\t\t\t\t<\/div>\n\t\t\t\t\t<\/div>\n\t\t<\/div>\n\t\t\t\t\t<\/div>\n\t\t<\/section>\n\t\t\t\t<\/div>","protected":false},"excerpt":{"rendered":"<p>About NY Partners Dermatology Dermatology located in Sunset Park, Brooklyn and Flushing, NY NY Partners Dermatology is an outstanding dermatology practice in the Sunset Park neighborhood of Brooklyn, New York City, led by board-certified dermatologist Sarah Y. Siu, MD, FAAD and her experienced team. The practice serves patients of all ages in a welcoming, relaxing, [&hellip;]<\/p>","protected":false},"author":1,"featured_media":0,"parent":0,"menu_order":0,"comment_status":"closed","ping_status":"closed","template":"elementor_header_footer","meta":{"footnotes":""},"class_list":["post-9","page","type-page","status-publish","hentry"],"aioseo_notices":[],"_links":{"self":[{"href":"https:\/\/nypskin.com\/es\/wp-json\/wp\/v2\/pages\/9"}],"collection":[{"href":"https:\/\/nypskin.com\/es\/wp-json\/wp\/v2\/pages"}],"about":[{"href":"https:\/\/nypskin.com\/es\/wp-json\/wp\/v2\/types\/page"}],"author":[{"embeddable":true,"href":"https:\/\/nypskin.com\/es\/wp-json\/wp\/v2\/users\/1"}],"replies":[{"embeddable":true,"href":"https:\/\/nypskin.com\/es\/wp-json\/wp\/v2\/comments?post=9"}],"version-history":[{"count":55,"href":"https:\/\/nypskin.com\/es\/wp-json\/wp\/v2\/pages\/9\/revisions"}],"predecessor-version":[{"id":1147,"href":"https:\/\/nypskin.com\/es\/wp-json\/wp\/v2\/pages\/9\/revisions\/1147"}],"wp:attachment":[{"href":"https:\/\/nypskin.com\/es\/wp-json\/wp\/v2\/media?parent=9"}],"curies":[{"name":"wp","href":"https:\/\/api.w.org\/{rel}","templated":true}]}}