{"id":878,"date":"2024-08-23T19:16:07","date_gmt":"2024-08-23T19:16:07","guid":{"rendered":"https:\/\/nypskin.com\/?page_id=878"},"modified":"2024-10-03T15:09:51","modified_gmt":"2024-10-03T15:09:51","slug":"skin-cancer-screening","status":"publish","type":"page","link":"https:\/\/nypskin.com\/es\/skin-cancer-screening\/","title":{"rendered":"Detecci\u00f3n del c\u00e1ncer de piel"},"content":{"rendered":"<div data-elementor-type=\"wp-page\" data-elementor-id=\"878\" class=\"elementor elementor-878\" data-elementor-post-type=\"page\">\n\t\t\t\t\t\t<section class=\"elementor-section elementor-top-section elementor-element elementor-element-ecc7a9c elementor-section-boxed elementor-section-height-default elementor-section-height-default\" data-id=\"ecc7a9c\" data-element_type=\"section\" data-settings=\"{&quot;background_background&quot;:&quot;classic&quot;}\">\n\t\t\t\t\t\t\t<div class=\"elementor-background-overlay\"><\/div>\n\t\t\t\t\t\t\t<div class=\"elementor-container elementor-column-gap-default\">\n\t\t\t\t\t<div class=\"elementor-column elementor-col-100 elementor-top-column elementor-element elementor-element-d5e04f3\" data-id=\"d5e04f3\" data-element_type=\"column\">\n\t\t\t<div class=\"elementor-widget-wrap elementor-element-populated\">\n\t\t\t\t\t\t<div class=\"elementor-element elementor-element-0c423e6 elementor-widget elementor-widget-heading\" data-id=\"0c423e6\" data-element_type=\"widget\" data-widget_type=\"heading.default\">\n\t\t\t\t<div class=\"elementor-widget-container\">\n\t\t\t\t\t<h2 class=\"elementor-heading-title elementor-size-default\">Detecci\u00f3n del c\u00e1ncer de piel\n<\/h2>\t\t\t\t<\/div>\n\t\t\t\t<\/div>\n\t\t\t\t<div class=\"elementor-element elementor-element-f8b3524 elementor-widget elementor-widget-heading\" data-id=\"f8b3524\" data-element_type=\"widget\" data-widget_type=\"heading.default\">\n\t\t\t\t<div class=\"elementor-widget-container\">\n\t\t\t\t\t<h2 class=\"elementor-heading-title elementor-size-default\">Servicios de detecci\u00f3n de c\u00e1ncer de piel ofrecidos en Sunset Park, Brooklyn y Flushing, NY\n<\/h2>\t\t\t\t<\/div>\n\t\t\t\t<\/div>\n\t\t\t\t\t<\/div>\n\t\t<\/div>\n\t\t\t\t\t<\/div>\n\t\t<\/section>\n\t\t\t\t<section class=\"elementor-section elementor-top-section elementor-element elementor-element-de7ce9e elementor-section-boxed elementor-section-height-default elementor-section-height-default\" data-id=\"de7ce9e\" data-element_type=\"section\">\n\t\t\t\t\t\t<div class=\"elementor-container elementor-column-gap-default\">\n\t\t\t\t\t<div class=\"elementor-column elementor-col-50 elementor-top-column elementor-element elementor-element-a01e275\" data-id=\"a01e275\" data-element_type=\"column\" data-settings=\"{&quot;background_background&quot;:&quot;classic&quot;}\">\n\t\t\t<div class=\"elementor-widget-wrap elementor-element-populated\">\n\t\t\t\t\t\t<div class=\"elementor-element elementor-element-e108793 elementor-widget elementor-widget-spacer\" data-id=\"e108793\" data-element_type=\"widget\" data-widget_type=\"spacer.default\">\n\t\t\t\t<div class=\"elementor-widget-container\">\n\t\t\t\t\t\t\t<div class=\"elementor-spacer\">\n\t\t\t<div class=\"elementor-spacer-inner\"><\/div>\n\t\t<\/div>\n\t\t\t\t\t\t<\/div>\n\t\t\t\t<\/div>\n\t\t\t\t\t<\/div>\n\t\t<\/div>\n\t\t\t\t<div class=\"elementor-column elementor-col-50 elementor-top-column elementor-element elementor-element-2423a8c\" data-id=\"2423a8c\" data-element_type=\"column\" data-settings=\"{&quot;background_background&quot;:&quot;classic&quot;}\">\n\t\t\t<div class=\"elementor-widget-wrap elementor-element-populated\">\n\t\t\t\t\t<div class=\"elementor-background-overlay\"><\/div>\n\t\t\t\t\t\t<div class=\"elementor-element elementor-element-b9a1698 elementor-widget elementor-widget-heading\" data-id=\"b9a1698\" data-element_type=\"widget\" data-widget_type=\"heading.default\">\n\t\t\t\t<div class=\"elementor-widget-container\">\n\t\t\t\t\t<h2 class=\"elementor-heading-title elementor-size-default\">Servicios de detecci\u00f3n de c\u00e1ncer de piel ofrecidos en el \u00e1rea metropolitana de Sunset Park, Brooklyn y Flushing, NY\n<\/h2>\t\t\t\t<\/div>\n\t\t\t\t<\/div>\n\t\t\t\t<div class=\"elementor-element elementor-element-645f64a elementor-widget elementor-widget-text-editor\" data-id=\"645f64a\" data-element_type=\"widget\" data-widget_type=\"text-editor.default\">\n\t\t\t\t<div class=\"elementor-widget-container\">\n\t\t\t\t\t\t\t\t\t<section id=\"vbid-d1fbd4de-a11f-4c10-9fae-914769b73acc\" class=\"section master item-box\" data-position=\"default\" data-position-popup-appearance=\"always\" data-arranger=\"flex\" data-textalign=\"left\" data-verticalalign=\"center\" data-horizontalalign=\"center\" data-layouttype=\"multi\" data-layoutclass=\"right-center\" data-layoutratio=\"0.5\" data-layoutborder=\"10\" data-imagefit=\"cover\" data-imagefilter=\"filter-1\" data-imagescroll=\"normal\" data-section-width=\"boxed\" data-sbid=\"sbid-c74583c2-bf69-4a3c-9ab3-ad2b2353fc08\" data-backgroundimagefilter=\"section-bg-filter-1\" data-autoplay=\"stop\" data-durationbetweenslides=\"4\" data-headerposition=\"false\" data-is-slide-section=\"true\"><div class=\"children\"><div class=\"section-children\"><article id=\"vbid-d1fbd4de-a11f-4c10-9fae-914769b73acc_0\" class=\"item section-item\" data-no-children=\"false\" data-visible=\"true\"><div class=\"text-side editable\"><div id=\"vbid-d1fbd4de-a11f-4c10-9fae-914769b73acc-dyn_elem_BODY_0s\" class=\"element body_preset_1\" contenteditable=\"false\" data-elementtype=\"BODY\"><p>El c\u00e1ncer de piel es una afecci\u00f3n com\u00fan que afecta a aproximadamente uno de cada cinco estadounidenses. En NY Partners Dermatology, en el barrio Sunset Park de Brooklyn, en la ciudad de Nueva York, la dermat\u00f3loga certificada Sarah Siu, MD, y su equipo ofrecen ex\u00e1menes de detecci\u00f3n de c\u00e1ncer de piel para detectar y tratar tejidos cancerosos antes de que se agraven o pongan en peligro la vida. Programe una evaluaci\u00f3n en NY Partners Dermatology por tel\u00e9fono o en l\u00ednea hoy mismo.<\/p><\/div><\/div><\/article><\/div><\/div><\/section><section id=\"vbid-14c54247-bae9-4246-a96b-f1392d50588b\" class=\"section master item-box\" data-position=\"default\" data-position-popup-appearance=\"always\" data-arranger=\"flex\" data-textalign=\"left\" data-verticalalign=\"center\" data-horizontalalign=\"center\" data-layouttype=\"multi\" data-layoutclass=\"middle-center\" data-layoutratio=\"0.5\" data-layoutborder=\"10\" data-imagefit=\"contain\" data-imagefilter=\"filter-1\" data-imagescroll=\"normal\" data-section-width=\"boxed\" data-sbid=\"sbid-d4c49776-1c81-4beb-bda8-f7c59839e5ad\" data-backgroundimagefilter=\"section-bg-filter-1\" data-autoplay=\"stop\" data-durationbetweenslides=\"4\" data-headerposition=\"false\" data-is-slide-section=\"true\"><div class=\"children\"><div class=\"section-children\"><article id=\"vbid-14c54247-bae9-4246-a96b-f1392d50588b_0\" class=\"item section-item\" data-no-children=\"false\" data-visible=\"true\"><div class=\"text-side editable\">\u00a0<\/div><\/article><\/div><\/div><\/section>\t\t\t\t\t\t\t\t<\/div>\n\t\t\t\t<\/div>\n\t\t\t\t\t<\/div>\n\t\t<\/div>\n\t\t\t\t\t<\/div>\n\t\t<\/section>\n\t\t\t\t<section class=\"elementor-section elementor-top-section elementor-element elementor-element-86fe53c elementor-section-boxed elementor-section-height-default elementor-section-height-default\" data-id=\"86fe53c\" data-element_type=\"section\">\n\t\t\t\t\t\t<div class=\"elementor-container elementor-column-gap-default\">\n\t\t\t\t\t<div class=\"elementor-column elementor-col-100 elementor-top-column elementor-element elementor-element-8d98699\" data-id=\"8d98699\" data-element_type=\"column\">\n\t\t\t<div class=\"elementor-widget-wrap elementor-element-populated\">\n\t\t\t\t\t\t<div class=\"elementor-element elementor-element-b8dce56 elementor-widget elementor-widget-elementskit-faq\" data-id=\"b8dce56\" data-element_type=\"widget\" data-widget_type=\"elementskit-faq.default\">\n\t\t\t\t<div class=\"elementor-widget-container\">\n\t\t\t\t\t<div class=\"ekit-wid-con\" >\n                <div class=\"elementskit-single-faq elementor-repeater-item-7724d93\">\n            <div class=\"elementskit-faq-header\">\n                <h2 class=\"elementskit-faq-title\">\u00bfQu\u00e9 es la detecci\u00f3n del c\u00e1ncer de piel?<\/h2>\n            <\/div>\n            <div class=\"elementskit-faq-body\">\n                La detecci\u00f3n del c\u00e1ncer de piel en NY Partners Dermatology implica procedimientos de diagn\u00f3stico que permiten al equipo de dermatolog\u00eda detectar y tratar el c\u00e1ncer antes de que cause problemas de salud. Es una herramienta de detecci\u00f3n importante que reduce las probabilidades de sufrir complicaciones graves o costosas. <br><br>Los expertos en dermatolog\u00eda de NY Partners est\u00e1n altamente capacitados en la detecci\u00f3n y el tratamiento del c\u00e1ncer de piel.             <\/div>\n        <\/div>\n                <div class=\"elementskit-single-faq elementor-repeater-item-3b42ca4\">\n            <div class=\"elementskit-faq-header\">\n                <h2 class=\"elementskit-faq-title\">\u00bfCu\u00e1les son las formas m\u00e1s comunes de c\u00e1ncer de piel?<\/h2>\n            <\/div>\n            <div class=\"elementskit-faq-body\">\n                Algunos de los c\u00e1nceres de piel m\u00e1s comunes incluyen:<br><br>\nCarcinoma de c\u00e9lulas escamosas<br>\nEl carcinoma de c\u00e9lulas escamosas suele aparecer en las zonas de la piel expuestas al sol, como las manos, las orejas y la cara. Sin embargo, puede aparecer en cualquier parte del cuerpo. <br><br>\nCarcinoma de c\u00e9lulas basales<br>\nEl carcinoma de c\u00e9lulas basales tambi\u00e9n suele aparecer en tejidos expuestos al sol, incluida la piel de la cara o el cuello. <br><br>\nMelanoma<br>\nEl melanoma es una forma m\u00e1s peligrosa de c\u00e1ncer de piel que puede desarrollarse a partir de un lunar existente o nuevo. Puede aparecer en la cara, el tronco, las palmas de las manos, las plantas de los pies, debajo de las u\u00f1as o en la parte inferior de las piernas. Afecta a personas de todos los tonos de piel.            <\/div>\n        <\/div>\n                <div class=\"elementskit-single-faq elementor-repeater-item-7c14725\">\n            <div class=\"elementskit-faq-header\">\n                <h2 class=\"elementskit-faq-title\">\u00bfQui\u00e9n es candidato para la detecci\u00f3n del c\u00e1ncer de piel?<\/h2>\n            <\/div>\n            <div class=\"elementskit-faq-body\">\n                Los signos y s\u00edntomas del c\u00e1ncer de piel incluyen:<br><br>\n\u25cf Protuberancias cerosas o perladas<br>\n\u25cf \u00dalceras sangrantes o con costras<br>\n\u25cf Lesiones similares a cicatrices<br>\n\u25cf Lesiones de color marr\u00f3n o color carne.<br>\n\u25cf N\u00f3dulos rojos firmes<br>\n\u25cf Lesiones escamosas, planas o con costras.<br>\n\u25cf Mancha marr\u00f3n con motas oscuras<br>\n\u25cf Lunares que cambian de tama\u00f1o o color.<br>\n\u25cf Lunares que sangran<br>\n\u25cf Lesiones con bordes irregulares<br>\n\u25cf Lesiones que pican o arden.<br>\n\u25cf Lesiones oscuras<br><br>\nCada vez que desarrolle cambios nuevos o inusuales en la piel, consulte a NY Partners Dermatology para una evaluaci\u00f3n.             <\/div>\n        <\/div>\n                <div class=\"elementskit-single-faq elementor-repeater-item-7bb0d92\">\n            <div class=\"elementskit-faq-header\">\n                <h2 class=\"elementskit-faq-title\">\u00bfQu\u00e9 sucede durante la detecci\u00f3n del c\u00e1ncer de piel?<\/h2>\n            <\/div>\n            <div class=\"elementskit-faq-body\">\n                Durante la evaluaci\u00f3n del c\u00e1ncer de piel, el dermat\u00f3logo analizar\u00e1 sus s\u00edntomas, su historial m\u00e9dico y su estilo de vida. Examinar\u00e1 su piel para detectar signos de c\u00e1ncer y es posible que le realice una biopsia de piel, una muestra de piel que enviar\u00e1 a un laboratorio para su an\u00e1lisis.            <\/div>\n        <\/div>\n                <div class=\"elementskit-single-faq elementor-repeater-item-25e331d\">\n            <div class=\"elementskit-faq-header\">\n                <h2 class=\"elementskit-faq-title\">\u00bfQu\u00e9 puedo esperar despu\u00e9s de la prueba de detecci\u00f3n de c\u00e1ncer de piel?<\/h2>\n            <\/div>\n            <div class=\"elementskit-faq-body\">\n                Una vez que su proveedor tenga los resultados de la prueba de detecci\u00f3n de c\u00e1ncer de piel, los analizar\u00e1 con usted. Es posible que sea necesario extirpar m\u00e1s tejidos. Si el c\u00e1ncer se ha propagado a otras \u00e1reas de su cuerpo, el equipo de dermatolog\u00eda de NY Partners lo derivar\u00e1 a otro especialista.<br><br>\nEs fundamental proteger la piel del sol con protector solar o ropa protectora y revisarla peri\u00f3dicamente en casa para detectar cambios nuevos o inusuales. Consulte a su dermat\u00f3logo ante el primer signo de posible c\u00e1ncer de piel. <br><br>\nPrograme ex\u00e1menes de detecci\u00f3n de c\u00e1ncer de piel en NY Partners Dermatology por tel\u00e9fono o en l\u00ednea hoy mismo.            <\/div>\n        <\/div>\n                \n    <\/div>\t\t\t\t<\/div>\n\t\t\t\t<\/div>\n\t\t\t\t\t<\/div>\n\t\t<\/div>\n\t\t\t\t\t<\/div>\n\t\t<\/section>\n\t\t\t\t<\/div>","protected":false},"excerpt":{"rendered":"<p>Skin Cancer Screening Skin Cancer Screening services offered in Sunset Park, Brooklyn and Flushing, NY Skin Cancer Screening services offered in the greater Sunset Park, Brooklyn and Flushing, NY area Skin cancer is a common condition that affects about one in five Americans. At NY Partners Dermatology in the Sunset Park neighborhood of Brooklyn, New [&hellip;]<\/p>","protected":false},"author":1,"featured_media":0,"parent":0,"menu_order":0,"comment_status":"closed","ping_status":"closed","template":"elementor_header_footer","meta":{"footnotes":""},"class_list":["post-878","page","type-page","status-publish","hentry"],"aioseo_notices":[],"_links":{"self":[{"href":"https:\/\/nypskin.com\/es\/wp-json\/wp\/v2\/pages\/878"}],"collection":[{"href":"https:\/\/nypskin.com\/es\/wp-json\/wp\/v2\/pages"}],"about":[{"href":"https:\/\/nypskin.com\/es\/wp-json\/wp\/v2\/types\/page"}],"author":[{"embeddable":true,"href":"https:\/\/nypskin.com\/es\/wp-json\/wp\/v2\/users\/1"}],"replies":[{"embeddable":true,"href":"https:\/\/nypskin.com\/es\/wp-json\/wp\/v2\/comments?post=878"}],"version-history":[{"count":25,"href":"https:\/\/nypskin.com\/es\/wp-json\/wp\/v2\/pages\/878\/revisions"}],"predecessor-version":[{"id":1334,"href":"https:\/\/nypskin.com\/es\/wp-json\/wp\/v2\/pages\/878\/revisions\/1334"}],"wp:attachment":[{"href":"https:\/\/nypskin.com\/es\/wp-json\/wp\/v2\/media?parent=878"}],"curies":[{"name":"wp","href":"https:\/\/api.w.org\/{rel}","templated":true}]}}