{"id":865,"date":"2024-08-23T05:28:44","date_gmt":"2024-08-23T05:28:44","guid":{"rendered":"https:\/\/nypskin.com\/?page_id=865"},"modified":"2024-10-25T13:47:07","modified_gmt":"2024-10-25T13:47:07","slug":"pediatric-dermatology","status":"publish","type":"page","link":"https:\/\/nypskin.com\/es\/pediatric-dermatology\/","title":{"rendered":"Dermatolog\u00eda Pedi\u00e1trica"},"content":{"rendered":"<div data-elementor-type=\"wp-page\" data-elementor-id=\"865\" class=\"elementor elementor-865\" data-elementor-post-type=\"page\">\n\t\t\t\t\t\t<section class=\"elementor-section elementor-top-section elementor-element elementor-element-5e32290 elementor-section-boxed elementor-section-height-default elementor-section-height-default\" data-id=\"5e32290\" data-element_type=\"section\" data-settings=\"{&quot;background_background&quot;:&quot;classic&quot;}\">\n\t\t\t\t\t\t\t<div class=\"elementor-background-overlay\"><\/div>\n\t\t\t\t\t\t\t<div class=\"elementor-container elementor-column-gap-default\">\n\t\t\t\t\t<div class=\"elementor-column elementor-col-100 elementor-top-column elementor-element elementor-element-4a128c0\" data-id=\"4a128c0\" data-element_type=\"column\">\n\t\t\t<div class=\"elementor-widget-wrap elementor-element-populated\">\n\t\t\t\t\t\t<div class=\"elementor-element elementor-element-cfd923b elementor-widget elementor-widget-heading\" data-id=\"cfd923b\" data-element_type=\"widget\" data-widget_type=\"heading.default\">\n\t\t\t\t<div class=\"elementor-widget-container\">\n\t\t\t\t\t<h2 class=\"elementor-heading-title elementor-size-default\">Dermatolog\u00eda Pedi\u00e1trica\n<\/h2>\t\t\t\t<\/div>\n\t\t\t\t<\/div>\n\t\t\t\t<div class=\"elementor-element elementor-element-cc2a209 elementor-widget elementor-widget-heading\" data-id=\"cc2a209\" data-element_type=\"widget\" data-widget_type=\"heading.default\">\n\t\t\t\t<div class=\"elementor-widget-container\">\n\t\t\t\t\t<h2 class=\"elementor-heading-title elementor-size-default\">Servicios de dermatolog\u00eda pedi\u00e1trica ofrecidos en Sunset Park, Brooklyn y Flushing, NY\n<\/h2>\t\t\t\t<\/div>\n\t\t\t\t<\/div>\n\t\t\t\t\t<\/div>\n\t\t<\/div>\n\t\t\t\t\t<\/div>\n\t\t<\/section>\n\t\t\t\t<section class=\"elementor-section elementor-top-section elementor-element elementor-element-415a7f0 elementor-section-boxed elementor-section-height-default elementor-section-height-default\" data-id=\"415a7f0\" data-element_type=\"section\">\n\t\t\t\t\t\t<div class=\"elementor-container elementor-column-gap-default\">\n\t\t\t\t\t<div class=\"elementor-column elementor-col-50 elementor-top-column elementor-element elementor-element-21ee06d\" data-id=\"21ee06d\" data-element_type=\"column\" data-settings=\"{&quot;background_background&quot;:&quot;classic&quot;}\">\n\t\t\t<div class=\"elementor-widget-wrap elementor-element-populated\">\n\t\t\t\t\t\t<div class=\"elementor-element elementor-element-840e4bc elementor-widget elementor-widget-spacer\" data-id=\"840e4bc\" data-element_type=\"widget\" data-widget_type=\"spacer.default\">\n\t\t\t\t<div class=\"elementor-widget-container\">\n\t\t\t\t\t\t\t<div class=\"elementor-spacer\">\n\t\t\t<div class=\"elementor-spacer-inner\"><\/div>\n\t\t<\/div>\n\t\t\t\t\t\t<\/div>\n\t\t\t\t<\/div>\n\t\t\t\t\t<\/div>\n\t\t<\/div>\n\t\t\t\t<div class=\"elementor-column elementor-col-50 elementor-top-column elementor-element elementor-element-473d47c\" data-id=\"473d47c\" data-element_type=\"column\" data-settings=\"{&quot;background_background&quot;:&quot;classic&quot;}\">\n\t\t\t<div class=\"elementor-widget-wrap elementor-element-populated\">\n\t\t\t\t\t<div class=\"elementor-background-overlay\"><\/div>\n\t\t\t\t\t\t<div class=\"elementor-element elementor-element-ce1c3e1 elementor-widget elementor-widget-heading\" data-id=\"ce1c3e1\" data-element_type=\"widget\" data-widget_type=\"heading.default\">\n\t\t\t\t<div class=\"elementor-widget-container\">\n\t\t\t\t\t<h2 class=\"elementor-heading-title elementor-size-default\">Servicios de dermatolog\u00eda pedi\u00e1trica ofrecidos en el \u00e1rea metropolitana de Sunset Park, Brooklyn y Flushing, NY<\/h2>\t\t\t\t<\/div>\n\t\t\t\t<\/div>\n\t\t\t\t<div class=\"elementor-element elementor-element-83a06e1 elementor-widget elementor-widget-text-editor\" data-id=\"83a06e1\" data-element_type=\"widget\" data-widget_type=\"text-editor.default\">\n\t\t\t\t<div class=\"elementor-widget-container\">\n\t\t\t\t\t\t\t\t\t<p>Si su hijo o adolescente desarrolla anomal\u00edas en la piel y necesita aliviar los s\u00edntomas, conf\u00ede en NY Partners Dermatology en el vecindario Sunset Park de Brooklyn, Nueva York. La dermat\u00f3loga certificada Sarah Siu, MD, y su equipo ofrecen soluciones dermatol\u00f3gicas pedi\u00e1tricas integrales que promueven una piel sana y hermosa sin imperfecciones. Programe una evaluaci\u00f3n por tel\u00e9fono o en l\u00ednea hoy mismo.<\/p>\t\t\t\t\t\t\t\t<\/div>\n\t\t\t\t<\/div>\n\t\t\t\t\t<\/div>\n\t\t<\/div>\n\t\t\t\t\t<\/div>\n\t\t<\/section>\n\t\t\t\t<section class=\"elementor-section elementor-top-section elementor-element elementor-element-ada3056 elementor-section-boxed elementor-section-height-default elementor-section-height-default\" data-id=\"ada3056\" data-element_type=\"section\">\n\t\t\t\t\t\t<div class=\"elementor-container elementor-column-gap-default\">\n\t\t\t\t\t<div class=\"elementor-column elementor-col-100 elementor-top-column elementor-element elementor-element-3d9fee1\" data-id=\"3d9fee1\" data-element_type=\"column\">\n\t\t\t<div class=\"elementor-widget-wrap elementor-element-populated\">\n\t\t\t\t\t\t<div class=\"elementor-element elementor-element-ec29d2f elementor-widget elementor-widget-elementskit-faq\" data-id=\"ec29d2f\" data-element_type=\"widget\" data-widget_type=\"elementskit-faq.default\">\n\t\t\t\t<div class=\"elementor-widget-container\">\n\t\t\t\t\t<div class=\"ekit-wid-con\" >\n                <div class=\"elementskit-single-faq elementor-repeater-item-7724d93\">\n            <div class=\"elementskit-faq-header\">\n                <h2 class=\"elementskit-faq-title\">\u00bfQu\u00e9 es la dermatolog\u00eda pedi\u00e1trica?<\/h2>\n            <\/div>\n            <div class=\"elementskit-faq-body\">\n                Pediatric dermatology at NY Partners Dermatology consists of medical care for skin conditions in children and teenagers of all ages. Such services include evaluations, diagnoses, and treatment of skin concerns many young patients face at some point. The dermatologists specialize in treating infections and skin diseases to reduce the risk of complications.             <\/div>\n        <\/div>\n                <div class=\"elementskit-single-faq elementor-repeater-item-3b42ca4\">\n            <div class=\"elementskit-faq-header\">\n                <h2 class=\"elementskit-faq-title\">\u00bfQu\u00e9 temas aborda la dermatolog\u00eda pedi\u00e1trica?<\/h2>\n            <\/div>\n            <div class=\"elementskit-faq-body\">\n                Skin conditions the pediatric dermatology team at NY Partners Dermatology commonly treats include:<br>\n\u25cf Psoriasis<br>\n\u25cf Acn\u00e9<br>\n\u25cf Eczema\n<br>\n\u25cf Erupciones<br>\n\u25cf Reacciones al\u00e9rgicas\n<br>\n\u25cf Infecciones de la piel\n<br>\n\u25cf Cicatrices <br>\n\u25cf Dermatitis\n<br>\n\u25cf Urticaria<br>\n\u25cf Ti\u00f1a<br>\n\u25cf Verrugas\n<br>\n\u25cf Lunares anormales\n<br>\n\u25cf Marcas de nacimiento<br>\n\u25cf Piel seca<br>\n\u25cf Molusco contagioso (a veces llamado verrugas de agua)\n\nLos s\u00edntomas de los problemas dermatol\u00f3gicos incluyen manchas rojas, protuberancias o bultos, parches de piel seca o escamosa, piel \u00e1spera, picaz\u00f3n e irritaci\u00f3n.            <\/div>\n        <\/div>\n                <div class=\"elementskit-single-faq elementor-repeater-item-7c14725\">\n            <div class=\"elementskit-faq-header\">\n                <h2 class=\"elementskit-faq-title\">\u00bfQu\u00e9 sucede durante las visitas de dermatolog\u00eda pedi\u00e1trica?<\/h2>\n            <\/div>\n            <div class=\"elementskit-faq-body\">\n                During pediatric appointments at NY Partners Dermatology, the team often completes the following: <br><br>Vital signs check<br>\nEl especialista en dermatolog\u00eda de su hijo eval\u00faa su presi\u00f3n arterial, peso, \u00edndice de masa corporal (IMC), pulso, temperatura u otros signos vitales. <br><br>Revisi\u00f3n del historial m\u00e9dico<br>\nEl equipo de dermatolog\u00eda de NY Partners analiza la historia cl\u00ednica de su hijo, incluidos diagn\u00f3sticos anteriores, medicamentos, s\u00edntomas, h\u00e1bitos de vida, antecedentes familiares de problemas de la piel y m\u00e1s. Tambi\u00e9n aborda el motivo de la consulta de dermatolog\u00eda pedi\u00e1trica de su hijo.<br><br>Examen f\u00edsico\n<br>Un especialista en dermatolog\u00eda examina la piel de su hijo para detectar signos de infecci\u00f3n, enfermedad o reacci\u00f3n al\u00e9rgica. Es posible que utilice una lupa.<br><br>Pruebas de diagn\u00f3stico<br>\nSu proveedor puede recomendar pruebas, que incluyen raspados de piel, biopsias, an\u00e1lisis de sangre, hisopos de tejido, pruebas de alergia u otras pruebas de diagn\u00f3stico.<br><br>Tratamiento <br>Your child may be a candidate for pediatric dermatology treatments like oral medicines, topical medications, injections, lifestyle changes, or avoiding allergens and irritating skin care products. NY Partners Dermatology offers minor procedures to remove warts, moles, or other irregularities.             <\/div>\n        <\/div>\n                <div class=\"elementskit-single-faq elementor-repeater-item-7bb0d92\">\n            <div class=\"elementskit-faq-header\">\n                <h2 class=\"elementskit-faq-title\">\u00bfCon qu\u00e9 frecuencia debo programar citas de dermatolog\u00eda pedi\u00e1trica?<\/h2>\n            <\/div>\n            <div class=\"elementskit-faq-body\">\n                El equipo de dermatolog\u00eda de NY Partners le informa cu\u00e1ndo programar la pr\u00f3xima cita de dermatolog\u00eda pedi\u00e1trica de su hijo seg\u00fan el estado de su piel, su historial m\u00e9dico y su diagn\u00f3stico. Realice un seguimiento con su especialista seg\u00fan las indicaciones y llame al consultorio si su hijo o adolescente presenta s\u00edntomas nuevos, inusuales o irritantes.<br><br>\nPrograme un examen de dermatolog\u00eda pedi\u00e1trica en NY Partners Dermatology por tel\u00e9fono o en l\u00ednea hoy mismo para hacerse una evaluaci\u00f3n o recibir tratamiento para afecciones de la piel.             <\/div>\n        <\/div>\n                \n    <\/div>\t\t\t\t<\/div>\n\t\t\t\t<\/div>\n\t\t\t\t\t<\/div>\n\t\t<\/div>\n\t\t\t\t\t<\/div>\n\t\t<\/section>\n\t\t\t\t<section class=\"elementor-section elementor-top-section elementor-element elementor-element-0113544 elementor-section-boxed elementor-section-height-default elementor-section-height-default\" data-id=\"0113544\" data-element_type=\"section\">\n\t\t\t\t\t\t<div class=\"elementor-container elementor-column-gap-default\">\n\t\t\t\t\t<div class=\"elementor-column elementor-col-100 elementor-top-column elementor-element elementor-element-a9edbab\" data-id=\"a9edbab\" data-element_type=\"column\">\n\t\t\t<div class=\"elementor-widget-wrap elementor-element-populated\">\n\t\t\t\t\t\t<div class=\"elementor-element elementor-element-e904d87 elementor-widget__width-initial elementor-widget elementor-widget-heading\" data-id=\"e904d87\" data-element_type=\"widget\" data-widget_type=\"heading.default\">\n\t\t\t\t<div class=\"elementor-widget-container\">\n\t\t\t\t\t<h2 class=\"elementor-heading-title elementor-size-default\">Call the NY Partners Dermatology office or use the online booking tab To Make An Appointment!<\/h2>\t\t\t\t<\/div>\n\t\t\t\t<\/div>\n\t\t\t\t\t<\/div>\n\t\t<\/div>\n\t\t\t\t\t<\/div>\n\t\t<\/section>\n\t\t\t\t<section class=\"elementor-section elementor-top-section elementor-element elementor-element-8c468af elementor-section-boxed elementor-section-height-default elementor-section-height-default\" data-id=\"8c468af\" data-element_type=\"section\">\n\t\t\t\t\t\t<div class=\"elementor-container elementor-column-gap-default\">\n\t\t\t\t\t<div class=\"elementor-column elementor-col-100 elementor-top-column elementor-element elementor-element-eb2eb7a\" data-id=\"eb2eb7a\" data-element_type=\"column\">\n\t\t\t<div class=\"elementor-widget-wrap elementor-element-populated\">\n\t\t\t\t\t\t<div class=\"elementor-element elementor-element-06af9d9 elementor-align-center elementor-widget elementor-widget-button\" data-id=\"06af9d9\" data-element_type=\"widget\" data-widget_type=\"button.default\">\n\t\t\t\t<div class=\"elementor-widget-container\">\n\t\t\t\t\t\t\t\t\t<div class=\"elementor-button-wrapper\">\n\t\t\t\t\t<a class=\"elementor-button elementor-button-link elementor-size-sm\" href=\"https:\/\/nypskin.com\/es\/appointment-request\/\">\n\t\t\t\t\t\t<span class=\"elementor-button-content-wrapper\">\n\t\t\t\t\t\t\t\t\t<span class=\"elementor-button-text\">Make an appointment<\/span>\n\t\t\t\t\t<\/span>\n\t\t\t\t\t<\/a>\n\t\t\t\t<\/div>\n\t\t\t\t\t\t\t\t<\/div>\n\t\t\t\t<\/div>\n\t\t\t\t\t<\/div>\n\t\t<\/div>\n\t\t\t\t\t<\/div>\n\t\t<\/section>\n\t\t\t\t<\/div>","protected":false},"excerpt":{"rendered":"<p>Pediatric Dermatology Pediatric Dermatology services offered in Sunset Park, Brooklyn and Flushing, NY Pediatric Dermatology services offered in the greater Sunset Park, Brooklyn and Flushing, NY area If your child or teenager develops skin abnormalities and needs symptom relief, rely on NY Partners Dermatology in the Sunset Park neighborhood of Brooklyn, New York City. Board-certified [&hellip;]<\/p>","protected":false},"author":1,"featured_media":0,"parent":0,"menu_order":0,"comment_status":"closed","ping_status":"closed","template":"elementor_header_footer","meta":{"footnotes":""},"class_list":["post-865","page","type-page","status-publish","hentry"],"aioseo_notices":[],"_links":{"self":[{"href":"https:\/\/nypskin.com\/es\/wp-json\/wp\/v2\/pages\/865"}],"collection":[{"href":"https:\/\/nypskin.com\/es\/wp-json\/wp\/v2\/pages"}],"about":[{"href":"https:\/\/nypskin.com\/es\/wp-json\/wp\/v2\/types\/page"}],"author":[{"embeddable":true,"href":"https:\/\/nypskin.com\/es\/wp-json\/wp\/v2\/users\/1"}],"replies":[{"embeddable":true,"href":"https:\/\/nypskin.com\/es\/wp-json\/wp\/v2\/comments?post=865"}],"version-history":[{"count":31,"href":"https:\/\/nypskin.com\/es\/wp-json\/wp\/v2\/pages\/865\/revisions"}],"predecessor-version":[{"id":1390,"href":"https:\/\/nypskin.com\/es\/wp-json\/wp\/v2\/pages\/865\/revisions\/1390"}],"wp:attachment":[{"href":"https:\/\/nypskin.com\/es\/wp-json\/wp\/v2\/media?parent=865"}],"curies":[{"name":"wp","href":"https:\/\/api.w.org\/{rel}","templated":true}]}}