{"id":855,"date":"2024-08-23T05:12:38","date_gmt":"2024-08-23T05:12:38","guid":{"rendered":"https:\/\/nypskin.com\/?page_id=855"},"modified":"2024-08-27T08:23:10","modified_gmt":"2024-08-27T08:23:10","slug":"intense-pulsed-light-therapy","status":"publish","type":"page","link":"https:\/\/nypskin.com\/es\/intense-pulsed-light-therapy\/","title":{"rendered":"Terapia de luz pulsada intensa"},"content":{"rendered":"<div data-elementor-type=\"wp-page\" data-elementor-id=\"855\" class=\"elementor elementor-855\" data-elementor-post-type=\"page\">\n\t\t\t\t\t\t<section class=\"elementor-section elementor-top-section elementor-element elementor-element-ddb6e09 elementor-section-boxed elementor-section-height-default elementor-section-height-default\" data-id=\"ddb6e09\" data-element_type=\"section\" data-settings=\"{&quot;background_background&quot;:&quot;classic&quot;}\">\n\t\t\t\t\t\t\t<div class=\"elementor-background-overlay\"><\/div>\n\t\t\t\t\t\t\t<div class=\"elementor-container elementor-column-gap-default\">\n\t\t\t\t\t<div class=\"elementor-column elementor-col-100 elementor-top-column elementor-element elementor-element-1a57e1a\" data-id=\"1a57e1a\" data-element_type=\"column\">\n\t\t\t<div class=\"elementor-widget-wrap elementor-element-populated\">\n\t\t\t\t\t\t<div class=\"elementor-element elementor-element-7e5c214 elementor-widget elementor-widget-heading\" data-id=\"7e5c214\" data-element_type=\"widget\" data-widget_type=\"heading.default\">\n\t\t\t\t<div class=\"elementor-widget-container\">\n\t\t\t\t\t<h2 class=\"elementor-heading-title elementor-size-default\">Terapia de luz pulsada intensa\n<\/h2>\t\t\t\t<\/div>\n\t\t\t\t<\/div>\n\t\t\t\t<div class=\"elementor-element elementor-element-f5725f2 elementor-widget elementor-widget-heading\" data-id=\"f5725f2\" data-element_type=\"widget\" data-widget_type=\"heading.default\">\n\t\t\t\t<div class=\"elementor-widget-container\">\n\t\t\t\t\t<h2 class=\"elementor-heading-title elementor-size-default\">Servicios de terapia de luz pulsada intensa ofrecidos en Sunset Park, Brooklyn y Flushing, NY\n<\/h2>\t\t\t\t<\/div>\n\t\t\t\t<\/div>\n\t\t\t\t\t<\/div>\n\t\t<\/div>\n\t\t\t\t\t<\/div>\n\t\t<\/section>\n\t\t\t\t<section class=\"elementor-section elementor-top-section elementor-element elementor-element-e7ec3f2 elementor-section-boxed elementor-section-height-default elementor-section-height-default\" data-id=\"e7ec3f2\" data-element_type=\"section\">\n\t\t\t\t\t\t<div class=\"elementor-container elementor-column-gap-default\">\n\t\t\t\t\t<div class=\"elementor-column elementor-col-50 elementor-top-column elementor-element elementor-element-62c17a0\" data-id=\"62c17a0\" data-element_type=\"column\" data-settings=\"{&quot;background_background&quot;:&quot;classic&quot;}\">\n\t\t\t<div class=\"elementor-widget-wrap elementor-element-populated\">\n\t\t\t\t\t\t<div class=\"elementor-element elementor-element-e0f0ecc elementor-widget elementor-widget-spacer\" data-id=\"e0f0ecc\" data-element_type=\"widget\" data-widget_type=\"spacer.default\">\n\t\t\t\t<div class=\"elementor-widget-container\">\n\t\t\t\t\t\t\t<div class=\"elementor-spacer\">\n\t\t\t<div class=\"elementor-spacer-inner\"><\/div>\n\t\t<\/div>\n\t\t\t\t\t\t<\/div>\n\t\t\t\t<\/div>\n\t\t\t\t\t<\/div>\n\t\t<\/div>\n\t\t\t\t<div class=\"elementor-column elementor-col-50 elementor-top-column elementor-element elementor-element-56db8ba\" data-id=\"56db8ba\" data-element_type=\"column\" data-settings=\"{&quot;background_background&quot;:&quot;classic&quot;}\">\n\t\t\t<div class=\"elementor-widget-wrap elementor-element-populated\">\n\t\t\t\t\t<div class=\"elementor-background-overlay\"><\/div>\n\t\t\t\t\t\t<div class=\"elementor-element elementor-element-e43f62a elementor-widget elementor-widget-heading\" data-id=\"e43f62a\" data-element_type=\"widget\" data-widget_type=\"heading.default\">\n\t\t\t\t<div class=\"elementor-widget-container\">\n\t\t\t\t\t<h2 class=\"elementor-heading-title elementor-size-default\">Servicios de terapia de luz pulsada intensa ofrecidos en el \u00e1rea metropolitana de Sunset Park, Brooklyn y Flushing, NY<\/h2>\t\t\t\t<\/div>\n\t\t\t\t<\/div>\n\t\t\t\t<div class=\"elementor-element elementor-element-2991cf3 elementor-widget elementor-widget-text-editor\" data-id=\"2991cf3\" data-element_type=\"widget\" data-widget_type=\"text-editor.default\">\n\t\t\t\t<div class=\"elementor-widget-container\">\n\t\t\t\t\t\t\t\t\t<p>Si su objetivo es lograr una piel de aspecto m\u00e1s joven, con menos arrugas y un tono uniforme sin tratamientos agresivos, consulte a los expertos de NY Partners Dermatology en el vecindario Sunset Park de Brooklyn, Nueva York. La dermat\u00f3loga certificada Sarah Siu, MD, y su equipo utilizan la terapia de luz pulsada intensa (IPL) para restaurar la apariencia de su piel, hacerla lucir a\u00f1os m\u00e1s joven y darle a la piel tratada un brillo saludable. Programe una evaluaci\u00f3n en NY Partners Dermatology por tel\u00e9fono o en l\u00ednea hoy mismo para obtener m\u00e1s informaci\u00f3n.<\/p>\t\t\t\t\t\t\t\t<\/div>\n\t\t\t\t<\/div>\n\t\t\t\t\t<\/div>\n\t\t<\/div>\n\t\t\t\t\t<\/div>\n\t\t<\/section>\n\t\t\t\t<section class=\"elementor-section elementor-top-section elementor-element elementor-element-521b7d8 elementor-section-boxed elementor-section-height-default elementor-section-height-default\" data-id=\"521b7d8\" data-element_type=\"section\">\n\t\t\t\t\t\t<div class=\"elementor-container elementor-column-gap-default\">\n\t\t\t\t\t<div class=\"elementor-column elementor-col-100 elementor-top-column elementor-element elementor-element-69f2030\" data-id=\"69f2030\" data-element_type=\"column\">\n\t\t\t<div class=\"elementor-widget-wrap elementor-element-populated\">\n\t\t\t\t\t\t<div class=\"elementor-element elementor-element-98f3094 elementor-widget elementor-widget-elementskit-faq\" data-id=\"98f3094\" data-element_type=\"widget\" data-widget_type=\"elementskit-faq.default\">\n\t\t\t\t<div class=\"elementor-widget-container\">\n\t\t\t\t\t<div class=\"ekit-wid-con\" >\n                <div class=\"elementskit-single-faq elementor-repeater-item-7724d93\">\n            <div class=\"elementskit-faq-header\">\n                <h2 class=\"elementskit-faq-title\">\u00bfQu\u00e9 es la terapia de luz pulsada intensa (IPL)?<\/h2>\n            <\/div>\n            <div class=\"elementskit-faq-body\">\n                La IPL es un tratamiento l\u00e1ser cosm\u00e9tico que utiliza una terapia de luz pulsada intensa para mejorar la textura, el tono y el aspecto general de la piel. La IPL ofrece una piel m\u00e1s joven, m\u00e1s clara y m\u00e1s saludable sin tratamientos agresivos, dolor ni tiempo de recuperaci\u00f3n. Mejora dr\u00e1sticamente el aspecto y la sensaci\u00f3n de la piel tratada para la calidad de vida que usted merece.            <\/div>\n        <\/div>\n                <div class=\"elementskit-single-faq elementor-repeater-item-3b42ca4\">\n            <div class=\"elementskit-faq-header\">\n                <h2 class=\"elementskit-faq-title\">\u00bfC\u00f3mo funciona la terapia de luz pulsada intensa?<\/h2>\n            <\/div>\n            <div class=\"elementskit-faq-body\">\n                El tratamiento con l\u00e1ser IPL funciona a trav\u00e9s de ondas de luz que pasan a trav\u00e9s de las capas superiores de la piel, calentando las c\u00e9lulas pigmentadas y destruy\u00e9ndolas. Reduce las venas al hacer que la sangre se espese en las paredes de los vasos, lo que hace que las venas diminutas desaparezcan con el tiempo.             <\/div>\n        <\/div>\n                <div class=\"elementskit-single-faq elementor-repeater-item-57eecb4\">\n            <div class=\"elementskit-faq-header\">\n                <h2 class=\"elementskit-faq-title\">\u00bfCu\u00e1les son las ventajas de la terapia de luz pulsada intensa?<\/h2>\n            <\/div>\n            <div class=\"elementskit-faq-body\">\n                La terapia IPL ofrece los siguientes beneficios para la apariencia de su piel:<br>\n\u25cf Piel m\u00e1s clara\n<br>\n\u25cf Piel de tono uniforme\n<br>\n\u25cf Reducci\u00f3n de arrugas\n<br>\n\u25cf Menos manchas de la edad\n<br>\n\u25cf Piel de aspecto m\u00e1s joven\n<br>\n\u25cfReducci\u00f3n de problemas en los vasos sangu\u00edneos.\n<br>\n\u25cfMenos manchas de la edad\n<br>\n\u25cfReducci\u00f3n de vasos sangu\u00edneos rotos.\n<br>\n\u25cfMenos ros\u00e1cea\n<br>\n\u25cfMelasma disminuido\n<br>\n\u25cfReducci\u00f3n de manchas de vino de Oporto\n<br>\n\u25cfMenos pecas\n<br><br>\n\nEl equipo de Dermatolog\u00eda de NY Partners puede utilizar el tratamiento IPL en su rostro, cuello, pecho, manos u otras \u00e1reas que contengan signos no deseados de envejecimiento o imperfecciones.<br><br>\nEstas imperfecciones pueden deberse a cambios hormonales, condiciones vasculares gen\u00e9ticas, envejecimiento, da\u00f1o solar o causas desconocidas.            <\/div>\n        <\/div>\n                <div class=\"elementskit-single-faq elementor-repeater-item-7c14725\">\n            <div class=\"elementskit-faq-header\">\n                <h2 class=\"elementskit-faq-title\">\u00bfEs la terapia de luz pulsada intensa adecuada para m\u00ed?<\/h2>\n            <\/div>\n            <div class=\"elementskit-faq-body\">\n                El equipo de dermatolog\u00eda de NY Partners determina si la IPL es adecuada para usted despu\u00e9s de analizar sus inquietudes, su historial m\u00e9dico y sus objetivos. Examinan la piel de su rostro y cuerpo y le informan qu\u00e9 esperar antes de adaptar su plan de tratamiento. Para prepararse para el tratamiento, proteja su piel del sol y evite las cremas bronceadoras sin sol u otros tratamientos cosm\u00e9ticos.             <\/div>\n        <\/div>\n                <div class=\"elementskit-single-faq elementor-repeater-item-7bb0d92\">\n            <div class=\"elementskit-faq-header\">\n                <h2 class=\"elementskit-faq-title\">\u00bfQu\u00e9 sucede durante la terapia de luz pulsada intensa?<\/h2>\n            <\/div>\n            <div class=\"elementskit-faq-body\">\n                Durante el tratamiento IPL, su especialista limpia el \u00e1rea y la adormece o aplica un gel refrescante para maximizar la comodidad.  <br><br>\nWhile you relax and wear glasses that protect your eyes from the laser, they emit light energy into targeted tissues while you rest comfortably. You may feel a rubber band snapping sensation. Each treatment might last about 20-30 minutes.            <\/div>\n        <\/div>\n                <div class=\"elementskit-single-faq elementor-repeater-item-25e331d\">\n            <div class=\"elementskit-faq-header\">\n                <h2 class=\"elementskit-faq-title\">\u00bfQu\u00e9 puedo esperar despu\u00e9s de la terapia de luz pulsada intensa?<\/h2>\n            <\/div>\n            <div class=\"elementskit-faq-body\">\n                Despu\u00e9s de la terapia de luz pulsada intensa, la piel tratada puede estar ligeramente hinchada, sensible y enrojecida, como una quemadura solar leve. Puede reanudar sus actividades diarias normales inmediatamente despu\u00e9s. Aplique hielo en la zona para maximizar la comodidad si es necesario. Es posible que necesite varios tratamientos (de tres a seis sesiones o m\u00e1s) espaciados en el tiempo para lograr resultados \u00f3ptimos.  <br><br>Programe una consulta de terapia IPL en NY Partners Dermatology por tel\u00e9fono o en l\u00ednea hoy.            <\/div>\n        <\/div>\n                \n    <\/div>\t\t\t\t<\/div>\n\t\t\t\t<\/div>\n\t\t\t\t\t<\/div>\n\t\t<\/div>\n\t\t\t\t\t<\/div>\n\t\t<\/section>\n\t\t\t\t<\/div>","protected":false},"excerpt":{"rendered":"<p>Intense Pulsed Light Therapy Intense Pulsed Light Therapy services offered in Sunset Park, Brooklyn and Flushing, NY Intense Pulsed Light Therapy services offered in the greater Sunset Park, Brooklyn and Flushing, NY area If your goal is younger-looking, less-wrinkled, even-toned skin without harsh treatments, see the experts at NY Partners Dermatology in the Sunset Park [&hellip;]<\/p>","protected":false},"author":1,"featured_media":0,"parent":0,"menu_order":0,"comment_status":"closed","ping_status":"closed","template":"elementor_header_footer","meta":{"footnotes":""},"class_list":["post-855","page","type-page","status-publish","hentry"],"aioseo_notices":[],"_links":{"self":[{"href":"https:\/\/nypskin.com\/es\/wp-json\/wp\/v2\/pages\/855"}],"collection":[{"href":"https:\/\/nypskin.com\/es\/wp-json\/wp\/v2\/pages"}],"about":[{"href":"https:\/\/nypskin.com\/es\/wp-json\/wp\/v2\/types\/page"}],"author":[{"embeddable":true,"href":"https:\/\/nypskin.com\/es\/wp-json\/wp\/v2\/users\/1"}],"replies":[{"embeddable":true,"href":"https:\/\/nypskin.com\/es\/wp-json\/wp\/v2\/comments?post=855"}],"version-history":[{"count":13,"href":"https:\/\/nypskin.com\/es\/wp-json\/wp\/v2\/pages\/855\/revisions"}],"predecessor-version":[{"id":1083,"href":"https:\/\/nypskin.com\/es\/wp-json\/wp\/v2\/pages\/855\/revisions\/1083"}],"wp:attachment":[{"href":"https:\/\/nypskin.com\/es\/wp-json\/wp\/v2\/media?parent=855"}],"curies":[{"name":"wp","href":"https:\/\/api.w.org\/{rel}","templated":true}]}}