{"id":840,"date":"2024-08-23T04:46:54","date_gmt":"2024-08-23T04:46:54","guid":{"rendered":"https:\/\/nypskin.com\/?page_id=840"},"modified":"2024-08-27T08:21:59","modified_gmt":"2024-08-27T08:21:59","slug":"botox","status":"publish","type":"page","link":"https:\/\/nypskin.com\/es\/botox\/","title":{"rendered":"Botox"},"content":{"rendered":"<div data-elementor-type=\"wp-page\" data-elementor-id=\"840\" class=\"elementor elementor-840\" data-elementor-post-type=\"page\">\n\t\t\t\t\t\t<section class=\"elementor-section elementor-top-section elementor-element elementor-element-1d82ac8 elementor-section-boxed elementor-section-height-default elementor-section-height-default\" data-id=\"1d82ac8\" data-element_type=\"section\" data-settings=\"{&quot;background_background&quot;:&quot;classic&quot;}\">\n\t\t\t\t\t\t\t<div class=\"elementor-background-overlay\"><\/div>\n\t\t\t\t\t\t\t<div class=\"elementor-container elementor-column-gap-default\">\n\t\t\t\t\t<div class=\"elementor-column elementor-col-100 elementor-top-column elementor-element elementor-element-0131787\" data-id=\"0131787\" data-element_type=\"column\">\n\t\t\t<div class=\"elementor-widget-wrap elementor-element-populated\">\n\t\t\t\t\t\t<div class=\"elementor-element elementor-element-0503703 elementor-widget elementor-widget-heading\" data-id=\"0503703\" data-element_type=\"widget\" data-widget_type=\"heading.default\">\n\t\t\t\t<div class=\"elementor-widget-container\">\n\t\t\t\t\t<h2 class=\"elementor-heading-title elementor-size-default\">Botox\n<\/h2>\t\t\t\t<\/div>\n\t\t\t\t<\/div>\n\t\t\t\t<div class=\"elementor-element elementor-element-865a1f0 elementor-widget elementor-widget-heading\" data-id=\"865a1f0\" data-element_type=\"widget\" data-widget_type=\"heading.default\">\n\t\t\t\t<div class=\"elementor-widget-container\">\n\t\t\t\t\t<h2 class=\"elementor-heading-title elementor-size-default\">Servicios de Botox ofrecidos en Sunset Park, Brooklyn y Flushing, NY<\/h2>\t\t\t\t<\/div>\n\t\t\t\t<\/div>\n\t\t\t\t\t<\/div>\n\t\t<\/div>\n\t\t\t\t\t<\/div>\n\t\t<\/section>\n\t\t\t\t<section class=\"elementor-section elementor-top-section elementor-element elementor-element-3751385 elementor-section-boxed elementor-section-height-default elementor-section-height-default\" data-id=\"3751385\" data-element_type=\"section\">\n\t\t\t\t\t\t<div class=\"elementor-container elementor-column-gap-default\">\n\t\t\t\t\t<div class=\"elementor-column elementor-col-50 elementor-top-column elementor-element elementor-element-a20e181\" data-id=\"a20e181\" data-element_type=\"column\" data-settings=\"{&quot;background_background&quot;:&quot;classic&quot;}\">\n\t\t\t<div class=\"elementor-widget-wrap elementor-element-populated\">\n\t\t\t\t\t\t<div class=\"elementor-element elementor-element-dac7d2b elementor-widget elementor-widget-spacer\" data-id=\"dac7d2b\" data-element_type=\"widget\" data-widget_type=\"spacer.default\">\n\t\t\t\t<div class=\"elementor-widget-container\">\n\t\t\t\t\t\t\t<div class=\"elementor-spacer\">\n\t\t\t<div class=\"elementor-spacer-inner\"><\/div>\n\t\t<\/div>\n\t\t\t\t\t\t<\/div>\n\t\t\t\t<\/div>\n\t\t\t\t\t<\/div>\n\t\t<\/div>\n\t\t\t\t<div class=\"elementor-column elementor-col-50 elementor-top-column elementor-element elementor-element-ce15c0a\" data-id=\"ce15c0a\" data-element_type=\"column\" data-settings=\"{&quot;background_background&quot;:&quot;classic&quot;}\">\n\t\t\t<div class=\"elementor-widget-wrap elementor-element-populated\">\n\t\t\t\t\t<div class=\"elementor-background-overlay\"><\/div>\n\t\t\t\t\t\t<div class=\"elementor-element elementor-element-b567734 elementor-widget elementor-widget-heading\" data-id=\"b567734\" data-element_type=\"widget\" data-widget_type=\"heading.default\">\n\t\t\t\t<div class=\"elementor-widget-container\">\n\t\t\t\t\t<h2 class=\"elementor-heading-title elementor-size-default\">Servicios de Botox ofrecidos en el \u00e1rea metropolitana de Sunset Park, Brooklyn y Flushing, NY<\/h2>\t\t\t\t<\/div>\n\t\t\t\t<\/div>\n\t\t\t\t<div class=\"elementor-element elementor-element-5497685 elementor-widget elementor-widget-text-editor\" data-id=\"5497685\" data-element_type=\"widget\" data-widget_type=\"text-editor.default\">\n\t\t\t\t<div class=\"elementor-widget-container\">\n\t\t\t\t\t\t\t\t\t<p>Es posible lograr una piel hermosa y de aspecto m\u00e1s joven sin tratamientos agresivos, dolor ni tiempo de recuperaci\u00f3n. En NY Partners Dermatology en Sunset Park, Brooklyn, Nueva York, la dermat\u00f3loga certificada Sarah Siu, MD, y su equipo ofrecen inyecciones de Botox\u00ae para crear una piel perfecta y una belleza juvenil. Programe una evaluaci\u00f3n en NY Partners Dermatology por tel\u00e9fono o en l\u00ednea hoy mismo para comenzar.\u00a0<\/p>\t\t\t\t\t\t\t\t<\/div>\n\t\t\t\t<\/div>\n\t\t\t\t\t<\/div>\n\t\t<\/div>\n\t\t\t\t\t<\/div>\n\t\t<\/section>\n\t\t\t\t<section class=\"elementor-section elementor-top-section elementor-element elementor-element-0e97488 elementor-section-boxed elementor-section-height-default elementor-section-height-default\" data-id=\"0e97488\" data-element_type=\"section\">\n\t\t\t\t\t\t<div class=\"elementor-container elementor-column-gap-default\">\n\t\t\t\t\t<div class=\"elementor-column elementor-col-100 elementor-top-column elementor-element elementor-element-d7528e3\" data-id=\"d7528e3\" data-element_type=\"column\">\n\t\t\t<div class=\"elementor-widget-wrap elementor-element-populated\">\n\t\t\t\t\t\t<div class=\"elementor-element elementor-element-092683a elementor-widget elementor-widget-elementskit-faq\" data-id=\"092683a\" data-element_type=\"widget\" data-widget_type=\"elementskit-faq.default\">\n\t\t\t\t<div class=\"elementor-widget-container\">\n\t\t\t\t\t<div class=\"ekit-wid-con\" >\n                <div class=\"elementskit-single-faq elementor-repeater-item-7724d93\">\n            <div class=\"elementskit-faq-header\">\n                <h2 class=\"elementskit-faq-title\">\u00bfQu\u00e9 es el Botox?<\/h2>\n            <\/div>\n            <div class=\"elementskit-faq-body\">\n                El b\u00f3tox es un neuromodulador, un medicamento inyectable seguro aprobado por la FDA que relaja los m\u00fasculos espec\u00edficos y reduce las l\u00edneas y arrugas causadas por las expresiones faciales. El b\u00f3tox ofrece numerosos beneficios para la salud sin necesidad de cirug\u00eda. Proporciona resultados espectaculares y de aspecto m\u00e1s joven que podr\u00e1 mostrar con orgullo.            <\/div>\n        <\/div>\n                <div class=\"elementskit-single-faq elementor-repeater-item-3b42ca4\">\n            <div class=\"elementskit-faq-header\">\n                <h2 class=\"elementskit-faq-title\">\u00bfCu\u00e1les son las ventajas del Botox?<\/h2>\n            <\/div>\n            <div class=\"elementskit-faq-body\">\n                El Botox en NY Partners Dermatology ofrece numerosos beneficios para su salud, bienestar y apariencia, entre ellos:<br>\n\u25cf Piel m\u00e1s firme y tersa<br>\n\u25cf Reducci\u00f3n de l\u00edneas y arrugas.<br>\n\u25cf Brillo saludable\n<br>\n\u25cf Reducci\u00f3n de las patas de gallo\n<br>\n\u25cf Menos l\u00edneas en la frente\n<br>\n\u25cf Reducci\u00f3n de las l\u00edneas de expresi\u00f3n\n<br>\n\u25cf Piel m\u00e1s suave y de aspecto m\u00e1s joven.\n<br>\n\u25cf Disminuci\u00f3n de los espasmos oculares.\n<br>\n\u25cf Reducci\u00f3n del ojo vago\n<br>\n\u25cf Menos migra\u00f1as \n<br>\n\u25cf Reducci\u00f3n de la sudoraci\u00f3n excesiva.\n<br>\n<br>\n\nEl Botox es un tratamiento antienvejecimiento altamente efectivo que ofrece resultados excepcionales sin cirug\u00eda, tiempo de recuperaci\u00f3n ni dolor.            <\/div>\n        <\/div>\n                <div class=\"elementskit-single-faq elementor-repeater-item-7c14725\">\n            <div class=\"elementskit-faq-header\">\n                <h2 class=\"elementskit-faq-title\">\u00bfSoy candidato para las inyecciones de Botox?<\/h2>\n            <\/div>\n            <div class=\"elementskit-faq-body\">\n                El equipo de dermatolog\u00eda de NY Partners personaliza un tratamiento cosm\u00e9tico en funci\u00f3n de su historial m\u00e9dico, sus objetivos de belleza y sus preferencias de tratamiento. Pueden combinar el b\u00f3tox con rellenos d\u00e9rmicos u otros tratamientos est\u00e9ticos para garantizar resultados excepcionales. Su m\u00e9dico tambi\u00e9n le informar\u00e1 c\u00f3mo prepararse y qu\u00e9 esperar durante el tratamiento.<br><br>            <\/div>\n        <\/div>\n                <div class=\"elementskit-single-faq elementor-repeater-item-7bb0d92\">\n            <div class=\"elementskit-faq-header\">\n                <h2 class=\"elementskit-faq-title\">\u00bfQu\u00e9 sucede durante el tratamiento con Botox?<\/h2>\n            <\/div>\n            <div class=\"elementskit-faq-body\">\n                Durante el tratamiento con b\u00f3tox, usted se relaja mientras el m\u00e9dico limpia la zona a tratar y la anestesia cuando es necesario para optimizar la comodidad. Se utiliza una aguja muy fina para inyectar b\u00f3tox debajo de la piel en zonas estrat\u00e9gicas. Las inyecciones tardan solo unos minutos en realizarse y no hay tiempo de recuperaci\u00f3n posterior, lo que significa que puede reanudar su rutina diaria habitual de inmediato.            <\/div>\n        <\/div>\n                <div class=\"elementskit-single-faq elementor-repeater-item-25e331d\">\n            <div class=\"elementskit-faq-header\">\n                <h2 class=\"elementskit-faq-title\">\u00bfQu\u00e9 puedo esperar despu\u00e9s de las inyecciones de Botox?<\/h2>\n            <\/div>\n            <div class=\"elementskit-faq-body\">\n                Despu\u00e9s del tratamiento con b\u00f3tox, pueden aparecer efectos secundarios temporales, como enrojecimiento en los lugares de inyecci\u00f3n, hinchaz\u00f3n o dolor. Evite tocar las zonas tratadas, mantenga limpia la piel tratada y prot\u00e9jala del sol. Aplique hielo en la zona si es necesario para optimizar la comodidad y reducir la hinchaz\u00f3n.  <br><br>Deber\u00eda notar los resultados de las inyecciones de b\u00f3tox despu\u00e9s de varios d\u00edas, y esos resultados suelen durar entre tres y cinco meses. Su especialista le ofrece repetir las inyecciones de b\u00f3tox siempre que sea necesario para mantener resultados antienvejecimiento excepcionales a largo plazo. Simplemente llame al consultorio para programar inyecciones adicionales.  <br><br>Programe una consulta de Botox en NY Partners Dermatology por tel\u00e9fono o en l\u00ednea hoy mismo para quitarle a\u00f1os a su apariencia o reducir imperfecciones.            <\/div>\n        <\/div>\n                \n    <\/div>\t\t\t\t<\/div>\n\t\t\t\t<\/div>\n\t\t\t\t\t<\/div>\n\t\t<\/div>\n\t\t\t\t\t<\/div>\n\t\t<\/section>\n\t\t\t\t<\/div>","protected":false},"excerpt":{"rendered":"<p>Botox Botox services offered in Sunset Park, Brooklyn and Flushing, NY Botox services offered in the greater Sunset Park, Brooklyn and Flushing, NY area Achieving gorgeous, younger-looking skin is possible without harsh treatments, pain, or downtime. At NY Partners Dermatology in Sunset Park, Brooklyn, New York City, board-certified dermatologist Sarah Siu, MD, and her team [&hellip;]<\/p>","protected":false},"author":1,"featured_media":0,"parent":0,"menu_order":0,"comment_status":"closed","ping_status":"closed","template":"elementor_header_footer","meta":{"footnotes":""},"class_list":["post-840","page","type-page","status-publish","hentry"],"aioseo_notices":[],"_links":{"self":[{"href":"https:\/\/nypskin.com\/es\/wp-json\/wp\/v2\/pages\/840"}],"collection":[{"href":"https:\/\/nypskin.com\/es\/wp-json\/wp\/v2\/pages"}],"about":[{"href":"https:\/\/nypskin.com\/es\/wp-json\/wp\/v2\/types\/page"}],"author":[{"embeddable":true,"href":"https:\/\/nypskin.com\/es\/wp-json\/wp\/v2\/users\/1"}],"replies":[{"embeddable":true,"href":"https:\/\/nypskin.com\/es\/wp-json\/wp\/v2\/comments?post=840"}],"version-history":[{"count":13,"href":"https:\/\/nypskin.com\/es\/wp-json\/wp\/v2\/pages\/840\/revisions"}],"predecessor-version":[{"id":1077,"href":"https:\/\/nypskin.com\/es\/wp-json\/wp\/v2\/pages\/840\/revisions\/1077"}],"wp:attachment":[{"href":"https:\/\/nypskin.com\/es\/wp-json\/wp\/v2\/media?parent=840"}],"curies":[{"name":"wp","href":"https:\/\/api.w.org\/{rel}","templated":true}]}}