{"id":833,"date":"2024-08-23T04:05:09","date_gmt":"2024-08-23T04:05:09","guid":{"rendered":"https:\/\/nypskin.com\/?page_id=833"},"modified":"2024-10-03T20:10:02","modified_gmt":"2024-10-03T20:10:02","slug":"aesthetics","status":"publish","type":"page","link":"https:\/\/nypskin.com\/es\/aesthetics\/","title":{"rendered":"Est\u00e9tica"},"content":{"rendered":"<div data-elementor-type=\"wp-page\" data-elementor-id=\"833\" class=\"elementor elementor-833\" data-elementor-post-type=\"page\">\n\t\t\t\t\t\t<section class=\"elementor-section elementor-top-section elementor-element elementor-element-c996e7f elementor-section-boxed elementor-section-height-default elementor-section-height-default\" data-id=\"c996e7f\" data-element_type=\"section\" data-settings=\"{&quot;background_background&quot;:&quot;classic&quot;}\">\n\t\t\t\t\t\t\t<div class=\"elementor-background-overlay\"><\/div>\n\t\t\t\t\t\t\t<div class=\"elementor-container elementor-column-gap-default\">\n\t\t\t\t\t<div class=\"elementor-column elementor-col-100 elementor-top-column elementor-element elementor-element-1750b2e\" data-id=\"1750b2e\" data-element_type=\"column\">\n\t\t\t<div class=\"elementor-widget-wrap elementor-element-populated\">\n\t\t\t\t\t\t<div class=\"elementor-element elementor-element-c3ccf63 elementor-widget elementor-widget-heading\" data-id=\"c3ccf63\" data-element_type=\"widget\" data-widget_type=\"heading.default\">\n\t\t\t\t<div class=\"elementor-widget-container\">\n\t\t\t\t\t<h2 class=\"elementor-heading-title elementor-size-default\">Est\u00e9tica<\/h2>\t\t\t\t<\/div>\n\t\t\t\t<\/div>\n\t\t\t\t<div class=\"elementor-element elementor-element-ffa5925 elementor-widget elementor-widget-heading\" data-id=\"ffa5925\" data-element_type=\"widget\" data-widget_type=\"heading.default\">\n\t\t\t\t<div class=\"elementor-widget-container\">\n\t\t\t\t\t<h2 class=\"elementor-heading-title elementor-size-default\">Servicios de est\u00e9tica ofrecidos en Sunset Park, Brooklyn y Flushing, NY\n<\/h2>\t\t\t\t<\/div>\n\t\t\t\t<\/div>\n\t\t\t\t\t<\/div>\n\t\t<\/div>\n\t\t\t\t\t<\/div>\n\t\t<\/section>\n\t\t\t\t<section class=\"elementor-section elementor-top-section elementor-element elementor-element-1b8ad8e elementor-section-boxed elementor-section-height-default elementor-section-height-default\" data-id=\"1b8ad8e\" data-element_type=\"section\">\n\t\t\t\t\t\t<div class=\"elementor-container elementor-column-gap-default\">\n\t\t\t\t\t<div class=\"elementor-column elementor-col-50 elementor-top-column elementor-element elementor-element-c197be7\" data-id=\"c197be7\" data-element_type=\"column\" data-settings=\"{&quot;background_background&quot;:&quot;classic&quot;}\">\n\t\t\t<div class=\"elementor-widget-wrap elementor-element-populated\">\n\t\t\t\t\t\t<div class=\"elementor-element elementor-element-44d76ad elementor-widget elementor-widget-spacer\" data-id=\"44d76ad\" data-element_type=\"widget\" data-widget_type=\"spacer.default\">\n\t\t\t\t<div class=\"elementor-widget-container\">\n\t\t\t\t\t\t\t<div class=\"elementor-spacer\">\n\t\t\t<div class=\"elementor-spacer-inner\"><\/div>\n\t\t<\/div>\n\t\t\t\t\t\t<\/div>\n\t\t\t\t<\/div>\n\t\t\t\t\t<\/div>\n\t\t<\/div>\n\t\t\t\t<div class=\"elementor-column elementor-col-50 elementor-top-column elementor-element elementor-element-d250faa\" data-id=\"d250faa\" data-element_type=\"column\" data-settings=\"{&quot;background_background&quot;:&quot;classic&quot;}\">\n\t\t\t<div class=\"elementor-widget-wrap elementor-element-populated\">\n\t\t\t\t\t<div class=\"elementor-background-overlay\"><\/div>\n\t\t\t\t\t\t<div class=\"elementor-element elementor-element-b6b67e4 elementor-widget elementor-widget-heading\" data-id=\"b6b67e4\" data-element_type=\"widget\" data-widget_type=\"heading.default\">\n\t\t\t\t<div class=\"elementor-widget-container\">\n\t\t\t\t\t<h2 class=\"elementor-heading-title elementor-size-default\">Servicios de est\u00e9tica ofrecidos en el \u00e1rea metropolitana de Sunset Park, Brooklyn y Flushing, NY<\/h2>\t\t\t\t<\/div>\n\t\t\t\t<\/div>\n\t\t\t\t<div class=\"elementor-element elementor-element-34f69ca elementor-widget elementor-widget-text-editor\" data-id=\"34f69ca\" data-element_type=\"widget\" data-widget_type=\"text-editor.default\">\n\t\t\t\t<div class=\"elementor-widget-container\">\n\t\t\t\t\t\t\t\t\t<p>Si tiene una afecci\u00f3n cut\u00e1nea o signos no deseados de envejecimiento, acuda a NY Partners Dermatology en el vecindario Sunset Park de Brooklyn, Nueva York. La dermat\u00f3loga certificada Sarah Siu, MD, y su equipo brindan servicios est\u00e9ticos de primera calidad para mejorar la salud y el aspecto de su piel. Programe una evaluaci\u00f3n en NY Partners Dermatology por tel\u00e9fono o en l\u00ednea hoy mismo para obtener m\u00e1s informaci\u00f3n.<\/p>\t\t\t\t\t\t\t\t<\/div>\n\t\t\t\t<\/div>\n\t\t\t\t\t<\/div>\n\t\t<\/div>\n\t\t\t\t\t<\/div>\n\t\t<\/section>\n\t\t\t\t<section class=\"elementor-section elementor-top-section elementor-element elementor-element-f1cbd8c elementor-section-boxed elementor-section-height-default elementor-section-height-default\" data-id=\"f1cbd8c\" data-element_type=\"section\">\n\t\t\t\t\t\t<div class=\"elementor-container elementor-column-gap-default\">\n\t\t\t\t\t<div class=\"elementor-column elementor-col-100 elementor-top-column elementor-element elementor-element-020114a\" data-id=\"020114a\" data-element_type=\"column\">\n\t\t\t<div class=\"elementor-widget-wrap elementor-element-populated\">\n\t\t\t\t\t\t<div class=\"elementor-element elementor-element-38f7df9 elementor-widget elementor-widget-elementskit-faq\" data-id=\"38f7df9\" data-element_type=\"widget\" data-widget_type=\"elementskit-faq.default\">\n\t\t\t\t<div class=\"elementor-widget-container\">\n\t\t\t\t\t<div class=\"ekit-wid-con\" >\n                <div class=\"elementskit-single-faq elementor-repeater-item-7724d93\">\n            <div class=\"elementskit-faq-header\">\n                <h2 class=\"elementskit-faq-title\">\u00bfQu\u00e9 es la est\u00e9tica?<\/h2>\n            <\/div>\n            <div class=\"elementskit-faq-body\">\n                Los tratamientos est\u00e9ticos en NY Partners Dermatology son soluciones no invasivas que reducen las imperfecciones, promueven la regeneraci\u00f3n celular y optimizan la estructura, la integridad y la apariencia de la piel. Los tratamientos est\u00e9ticos le ayudan a verse a\u00f1os m\u00e1s joven sin dolor, productos qu\u00edmicos agresivos ni tratamientos invasivos.            <\/div>\n        <\/div>\n                <div class=\"elementskit-single-faq elementor-repeater-item-3b42ca4\">\n            <div class=\"elementskit-faq-header\">\n                <h2 class=\"elementskit-faq-title\">\u00bfQu\u00e9 beneficios ofrece la est\u00e9tica?<\/h2>\n            <\/div>\n            <div class=\"elementskit-faq-body\">\n                Los tratamientos est\u00e9ticos con el equipo de Dermatolog\u00eda de NY Partners ofrecen numerosos beneficios para su piel, entre ellos:<br>\n\u25cf Piel m\u00e1s clara y luminosa<br>\n\u25cf Piel m\u00e1s sana<br>\n\u25cf Menos l\u00edneas y arrugas<br>\n\u25cf Tono y textura de la piel mejorados.<br>\n\u25cf Reducci\u00f3n de manchas de la edad.<br>\n\u25cf Apariencia m\u00e1s joven<br>\n\u25cf Menos acn\u00e9<br>\n\u25cf Reducci\u00f3n de cicatrices<br>\n\u25cf Disminuci\u00f3n de las estr\u00edas<br>\n\u25cf Piel de tono uniforme<br>\n\u25cf Confianza en s\u00ed mismo<br>\n\u25cf Mejora la calidad de vida<br><br>\n\nLos tratamientos est\u00e9ticos en NY Partners Dermatology son seguros, altamente efectivos y est\u00e1n aprobados por la FDA.            <\/div>\n        <\/div>\n                <div class=\"elementskit-single-faq elementor-repeater-item-7c14725\">\n            <div class=\"elementskit-faq-header\">\n                <h2 class=\"elementskit-faq-title\">\u00bfQu\u00e9 tratamientos est\u00e9ticos existen?<\/h2>\n            <\/div>\n            <div class=\"elementskit-faq-body\">\n                NY Partners Dermatology ofrece los siguientes tratamientos est\u00e9ticos: <br><br> \nPeelings qu\u00edmicos<br>\nSu especialista puede aplicar una soluci\u00f3n qu\u00edmica segura sobre la piel tratada para exfoliarla, eliminar las c\u00e9lulas muertas y promover la generaci\u00f3n de c\u00e9lulas nuevas. <br><br>Botox\u00ae<br>\nEl Botox utiliza la neurotoxina tipo A para reducir las l\u00edneas y arrugas al relajar los m\u00fasculos faciales responsables de las l\u00edneas de expresi\u00f3n, de la sonrisa o del entrecejo.<br><br>\nRellenos d\u00e9rmicos\n<br>Los rellenos d\u00e9rmicos son inyectables que agregan volumen a la piel envejecida, perfeccionando sus contornos y apariencia general.  <br><br>\nMicrodermoabrasi\u00f3n<br>\nLa microdermoabrasi\u00f3n elimina las c\u00e9lulas muertas de la piel para promover el crecimiento nuevo, una piel m\u00e1s saludable y una belleza juvenil.  <br><br>Extracciones<br>\nSi tiene granos, puntos blancos o puntos negros, el equipo de Dermatolog\u00eda de NY Partners ofrece extracciones para despejar el camino hacia la piel hermosa que usted se merece.<br><br>\nTratamientos faciales<br>\nLos tratamientos faciales a menudo consisten en limpieza, exfoliaci\u00f3n, extracci\u00f3n y otros tratamientos que mejoran la apariencia de la piel y ofrecen un brillo saludable con menos imperfecciones.            <\/div>\n        <\/div>\n                <div class=\"elementskit-single-faq elementor-repeater-item-7bb0d92\">\n            <div class=\"elementskit-faq-header\">\n                <h2 class=\"elementskit-faq-title\">\u00bfQu\u00e9 opciones est\u00e9ticas son mejores para m\u00ed?<\/h2>\n            <\/div>\n            <div class=\"elementskit-faq-body\">\n                El equipo de dermatolog\u00eda de NY Partners determina qu\u00e9 opciones est\u00e9ticas son mejores despu\u00e9s de analizar sus objetivos, revisar su historial m\u00e9dico y examinar su piel. Adaptan cada tratamiento en funci\u00f3n de sus preferencias y tipo de piel. <br><br>\nRealice un seguimiento con su especialista siempre que sea necesario para repetir los tratamientos peri\u00f3dicamente o en cualquier momento en que tenga preguntas. Entre las sesiones de tratamiento, proteja su piel del sol, mantenga la piel tratada limpia e hidratada, consuma alimentos nutritivos y minimice el estr\u00e9s.\n<br><br>Programe una cita con NY Partners Dermatology por tel\u00e9fono o en l\u00ednea hoy para aprovechar los servicios est\u00e9ticos superiores.            <\/div>\n        <\/div>\n                <div class=\"elementskit-single-faq elementor-repeater-item-25e331d\">\n            <div class=\"elementskit-faq-header\">\n                <h2 class=\"elementskit-faq-title\">\u00bfQu\u00e9 puedo esperar durante los tratamientos del acn\u00e9?<\/h2>\n            <\/div>\n            <div class=\"elementskit-faq-body\">\n                Lo que puede esperar durante el tratamiento del acn\u00e9 depende de la gravedad del acn\u00e9 y del tratamiento que reciba. Puede tomar medicamentos orales, usar cremas o someterse a peelings qu\u00edmicos, que utilizan una soluci\u00f3n qu\u00edmica para exfoliar y eliminar las c\u00e9lulas cut\u00e1neas m\u00e1s externas. <br><br> NY Partners Dermatology tambi\u00e9n ofrece terapias basadas en luz para el acn\u00e9, extracciones e inyecciones de esteroides que reducen los n\u00f3dulos y las lesiones qu\u00edsticas.  <br><br>Es posible que sea candidato a varios tratamientos contra el acn\u00e9 para garantizar resultados excepcionales. Con el tiempo, podr\u00e1 esperar una piel m\u00e1s clara, suave y saludable. NY Partners Dermatology tambi\u00e9n ofrece tratamientos que reducen las cicatrices del acn\u00e9.  <br><br>Llame a la oficina en cualquier momento si tiene preguntas o inquietudes sobre su plan de tratamiento y haga un seguimiento con el equipo de dermatolog\u00eda de NY Partners seg\u00fan sea necesario para asegurarse de que el tratamiento sea efectivo.<br><br> NY Partners Dermatology ofrece tratamientos cosm\u00e9ticos adicionales, que incluyen Botox\u00ae, rellenos d\u00e9rmicos y otros, si usted es candidato para estas soluciones est\u00e9ticas.<br><br>  Llame a la oficina de Dermatolog\u00eda de NY Partners o utilice la pesta\u00f1a de reserva en l\u00ednea hoy para aprovechar el tratamiento para el acn\u00e9.            <\/div>\n        <\/div>\n                \n    <\/div>\t\t\t\t<\/div>\n\t\t\t\t<\/div>\n\t\t\t\t\t<\/div>\n\t\t<\/div>\n\t\t\t\t\t<\/div>\n\t\t<\/section>\n\t\t\t\t<\/div>","protected":false},"excerpt":{"rendered":"<p>Aesthetics Aesthetics services offered in Sunset Park, Brooklyn and Flushing, NY Aesthetics services offered in the greater Sunset Park, Brooklyn and Flushing, NY area If you have a skin condition or unwelcome signs of aging, turn to NY Partners Dermatology in the Sunset Park neighborhood of Brooklyn, New York City. Board-certified dermatologist Sarah Siu, MD, [&hellip;]<\/p>","protected":false},"author":1,"featured_media":0,"parent":0,"menu_order":0,"comment_status":"closed","ping_status":"closed","template":"elementor_header_footer","meta":{"footnotes":""},"class_list":["post-833","page","type-page","status-publish","hentry"],"aioseo_notices":[],"_links":{"self":[{"href":"https:\/\/nypskin.com\/es\/wp-json\/wp\/v2\/pages\/833"}],"collection":[{"href":"https:\/\/nypskin.com\/es\/wp-json\/wp\/v2\/pages"}],"about":[{"href":"https:\/\/nypskin.com\/es\/wp-json\/wp\/v2\/types\/page"}],"author":[{"embeddable":true,"href":"https:\/\/nypskin.com\/es\/wp-json\/wp\/v2\/users\/1"}],"replies":[{"embeddable":true,"href":"https:\/\/nypskin.com\/es\/wp-json\/wp\/v2\/comments?post=833"}],"version-history":[{"count":19,"href":"https:\/\/nypskin.com\/es\/wp-json\/wp\/v2\/pages\/833\/revisions"}],"predecessor-version":[{"id":1337,"href":"https:\/\/nypskin.com\/es\/wp-json\/wp\/v2\/pages\/833\/revisions\/1337"}],"wp:attachment":[{"href":"https:\/\/nypskin.com\/es\/wp-json\/wp\/v2\/media?parent=833"}],"curies":[{"name":"wp","href":"https:\/\/api.w.org\/{rel}","templated":true}]}}