{"id":801,"date":"2024-08-21T12:19:09","date_gmt":"2024-08-21T12:19:09","guid":{"rendered":"https:\/\/nypskin.com\/?page_id=801"},"modified":"2024-10-03T14:21:11","modified_gmt":"2024-10-03T14:21:11","slug":"skin-diseases","status":"publish","type":"page","link":"https:\/\/nypskin.com\/es\/skin-diseases\/","title":{"rendered":"Enfermedades de la piel"},"content":{"rendered":"<div data-elementor-type=\"wp-page\" data-elementor-id=\"801\" class=\"elementor elementor-801\" data-elementor-post-type=\"page\">\n\t\t\t\t\t\t<section class=\"elementor-section elementor-top-section elementor-element elementor-element-11e3c80 elementor-section-boxed elementor-section-height-default elementor-section-height-default\" data-id=\"11e3c80\" data-element_type=\"section\" data-settings=\"{&quot;background_background&quot;:&quot;classic&quot;}\">\n\t\t\t\t\t\t\t<div class=\"elementor-background-overlay\"><\/div>\n\t\t\t\t\t\t\t<div class=\"elementor-container elementor-column-gap-default\">\n\t\t\t\t\t<div class=\"elementor-column elementor-col-100 elementor-top-column elementor-element elementor-element-bd3f5eb\" data-id=\"bd3f5eb\" data-element_type=\"column\">\n\t\t\t<div class=\"elementor-widget-wrap elementor-element-populated\">\n\t\t\t\t\t\t<div class=\"elementor-element elementor-element-a0dfb41 elementor-widget elementor-widget-heading\" data-id=\"a0dfb41\" data-element_type=\"widget\" data-widget_type=\"heading.default\">\n\t\t\t\t<div class=\"elementor-widget-container\">\n\t\t\t\t\t<h2 class=\"elementor-heading-title elementor-size-default\">Enfermedades de la piel\n<\/h2>\t\t\t\t<\/div>\n\t\t\t\t<\/div>\n\t\t\t\t<div class=\"elementor-element elementor-element-56c0249 elementor-widget elementor-widget-heading\" data-id=\"56c0249\" data-element_type=\"widget\" data-widget_type=\"heading.default\">\n\t\t\t\t<div class=\"elementor-widget-container\">\n\t\t\t\t\t<h2 class=\"elementor-heading-title elementor-size-default\">Servicios para enfermedades de la piel ofrecidos en Sunset Park, Brooklyn y Flushing, NY\n<\/h2>\t\t\t\t<\/div>\n\t\t\t\t<\/div>\n\t\t\t\t\t<\/div>\n\t\t<\/div>\n\t\t\t\t\t<\/div>\n\t\t<\/section>\n\t\t\t\t<section class=\"elementor-section elementor-top-section elementor-element elementor-element-3e5857f elementor-section-boxed elementor-section-height-default elementor-section-height-default\" data-id=\"3e5857f\" data-element_type=\"section\">\n\t\t\t\t\t\t<div class=\"elementor-container elementor-column-gap-default\">\n\t\t\t\t\t<div class=\"elementor-column elementor-col-50 elementor-top-column elementor-element elementor-element-204f134\" data-id=\"204f134\" data-element_type=\"column\" data-settings=\"{&quot;background_background&quot;:&quot;classic&quot;}\">\n\t\t\t<div class=\"elementor-widget-wrap elementor-element-populated\">\n\t\t\t\t\t\t<div class=\"elementor-element elementor-element-dcdacf8 elementor-widget elementor-widget-spacer\" data-id=\"dcdacf8\" data-element_type=\"widget\" data-widget_type=\"spacer.default\">\n\t\t\t\t<div class=\"elementor-widget-container\">\n\t\t\t\t\t\t\t<div class=\"elementor-spacer\">\n\t\t\t<div class=\"elementor-spacer-inner\"><\/div>\n\t\t<\/div>\n\t\t\t\t\t\t<\/div>\n\t\t\t\t<\/div>\n\t\t\t\t\t<\/div>\n\t\t<\/div>\n\t\t\t\t<div class=\"elementor-column elementor-col-50 elementor-top-column elementor-element elementor-element-5ca2374\" data-id=\"5ca2374\" data-element_type=\"column\" data-settings=\"{&quot;background_background&quot;:&quot;classic&quot;}\">\n\t\t\t<div class=\"elementor-widget-wrap elementor-element-populated\">\n\t\t\t\t\t<div class=\"elementor-background-overlay\"><\/div>\n\t\t\t\t\t\t<div class=\"elementor-element elementor-element-b50b946 elementor-widget elementor-widget-heading\" data-id=\"b50b946\" data-element_type=\"widget\" data-widget_type=\"heading.default\">\n\t\t\t\t<div class=\"elementor-widget-container\">\n\t\t\t\t\t<h2 class=\"elementor-heading-title elementor-size-default\">Servicios para enfermedades de la piel ofrecidos en el \u00e1rea metropolitana de Sunset Park, Brooklyn y Flushing, NY\n<\/h2>\t\t\t\t<\/div>\n\t\t\t\t<\/div>\n\t\t\t\t<div class=\"elementor-element elementor-element-9b4f28e elementor-widget elementor-widget-text-editor\" data-id=\"9b4f28e\" data-element_type=\"widget\" data-widget_type=\"text-editor.default\">\n\t\t\t\t<div class=\"elementor-widget-container\">\n\t\t\t\t\t\t\t\t\t<p>Si presenta sarpullido, decoloraci\u00f3n, descamaci\u00f3n o picaz\u00f3n en la piel, es posible que la causa sea una enfermedad cut\u00e1nea. En NY Partners Dermatology, en el vecindario Sunset Park de Brooklyn, en la ciudad de Nueva York, la dermat\u00f3loga certificada Sarah Siu, MD, y su equipo diagnostican y tratan enfermedades cut\u00e1neas comunes para lograr una piel m\u00e1s joven, hermosa y saludable sin tratamientos invasivos. Programe una evaluaci\u00f3n en NY Partners Dermatology por tel\u00e9fono o en l\u00ednea hoy mismo.<\/p>\t\t\t\t\t\t\t\t<\/div>\n\t\t\t\t<\/div>\n\t\t\t\t\t<\/div>\n\t\t<\/div>\n\t\t\t\t\t<\/div>\n\t\t<\/section>\n\t\t\t\t<section class=\"elementor-section elementor-top-section elementor-element elementor-element-e8a6a96 elementor-section-boxed elementor-section-height-default elementor-section-height-default\" data-id=\"e8a6a96\" data-element_type=\"section\">\n\t\t\t\t\t\t<div class=\"elementor-container elementor-column-gap-default\">\n\t\t\t\t\t<div class=\"elementor-column elementor-col-100 elementor-top-column elementor-element elementor-element-8ad4e05\" data-id=\"8ad4e05\" data-element_type=\"column\">\n\t\t\t<div class=\"elementor-widget-wrap elementor-element-populated\">\n\t\t\t\t\t\t<div class=\"elementor-element elementor-element-82c51fc elementor-widget elementor-widget-elementskit-faq\" data-id=\"82c51fc\" data-element_type=\"widget\" data-widget_type=\"elementskit-faq.default\">\n\t\t\t\t<div class=\"elementor-widget-container\">\n\t\t\t\t\t<div class=\"ekit-wid-con\" >\n                <div class=\"elementskit-single-faq elementor-repeater-item-7724d93\">\n            <div class=\"elementskit-faq-header\">\n                <h2 class=\"elementskit-faq-title\">\u00bfQu\u00e9 son las enfermedades de la piel?<\/h2>\n            <\/div>\n            <div class=\"elementskit-faq-body\">\n                Las enfermedades de la piel son afecciones comunes que afectan la salud, la sensaci\u00f3n o la apariencia de la piel tratada. Si no se tratan, estas enfermedades pueden causar incomodidad o verg\u00fcenza. Afortunadamente, el equipo de NY Partners Dermatology est\u00e1 altamente capacitado y tiene a\u00f1os de experiencia en la reducci\u00f3n de s\u00edntomas molestos.            <\/div>\n        <\/div>\n                <div class=\"elementskit-single-faq elementor-repeater-item-3b42ca4\">\n            <div class=\"elementskit-faq-header\">\n                <h2 class=\"elementskit-faq-title\">\u00bfCu\u00e1les son algunos ejemplos de enfermedades de la piel?<\/h2>\n            <\/div>\n            <div class=\"elementskit-faq-body\">\n                Las enfermedades de la piel que usted o un ser querido pueden padecer incluyen:<br>\nRos\u00e1cea<br>\nLa ros\u00e1cea es una enfermedad inflamatoria de la piel que provoca sarpullido y enrojecimiento de la piel, generalmente en la nariz y las mejillas.<br><br>\nSoriasis<br>\nLa psoriasis puede causar escamas plateadas y piel gruesa y roja, generalmente en el cuero cabelludo, las rodillas, los codos, la cara, la espalda baja, las palmas de las manos o las plantas de los pies.<br><br>\nEczema<br>\nEl eczema, tambi\u00e9n llamado dermatitis at\u00f3pica, es una enfermedad de la piel que provoca hinchaz\u00f3n, irritaci\u00f3n, sequedad y picaz\u00f3n en la piel, y erupciones cut\u00e1neas. Puede aparecer en la parte interna de los codos, la cara, detr\u00e1s de las rodillas o en los pies y las manos. <br><br>\nPiel seca<br>\nLa piel seca afecta a personas de todas las edades y provoca asperezas o descamaci\u00f3n, picaz\u00f3n e irritaci\u00f3n. La piel seca puede ser un s\u00edntoma de otra afecci\u00f3n cut\u00e1nea o ser consecuencia del clima, productos agresivos para el cuidado de la piel, ba\u00f1os excesivos o da\u00f1o solar. <br><br>\nInfecciones de la piel <br>\nLas infecciones de la piel se producen cuando las bacterias infectan la piel y, a veces, los tejidos que se encuentran debajo de ella. Si no se tratan, pueden causar hinchaz\u00f3n, enrojecimiento, irritaci\u00f3n o malestar. Tambi\u00e9n es posible que notes una acumulaci\u00f3n de pus.<br> <br>C\u00e1ncer de piel<br>\nEl c\u00e1ncer de piel es la replicaci\u00f3n de c\u00e9lulas enfermas, a menudo causada por la exposici\u00f3n excesiva al sol o por la gen\u00e9tica. Si no se trata, el c\u00e1ncer puede propagarse.            <\/div>\n        <\/div>\n                <div class=\"elementskit-single-faq elementor-repeater-item-7c14725\">\n            <div class=\"elementskit-faq-header\">\n                <h2 class=\"elementskit-faq-title\">\u00bfCu\u00e1les son los factores de riesgo de las enfermedades de la piel?<\/h2>\n            <\/div>\n            <div class=\"elementskit-faq-body\">\n                Los factores que aumentan el riesgo de desarrollarlas incluyen antecedentes familiares de enfermedades de la piel, problemas del sistema inmunol\u00f3gico, al\u00e9rgenos, medicamentos, diabetes, exposici\u00f3n al sol o diabetes. Las bacterias, los virus o los hongos pueden causar estas enfermedades.            <\/div>\n        <\/div>\n                <div class=\"elementskit-single-faq elementor-repeater-item-7bb0d92\">\n            <div class=\"elementskit-faq-header\">\n                <h2 class=\"elementskit-faq-title\">\u00bfC\u00f3mo se diagnostican las enfermedades de la piel?<\/h2>\n            <\/div>\n            <div class=\"elementskit-faq-body\">\n                Los especialistas en dermatolog\u00eda de NY Partners diagnostican enfermedades de la piel despu\u00e9s de analizar sus s\u00edntomas, su historial m\u00e9dico y sus h\u00e1bitos de vida. Realizan un examen f\u00edsico, examinan su piel y pueden tomar una biopsia o un raspado de piel para realizar un an\u00e1lisis m\u00e1s detallado. Es posible que necesite pruebas de parche, an\u00e1lisis de sangre u otras pruebas de diagn\u00f3stico.            <\/div>\n        <\/div>\n                <div class=\"elementskit-single-faq elementor-repeater-item-25e331d\">\n            <div class=\"elementskit-faq-header\">\n                <h2 class=\"elementskit-faq-title\">\u00bfC\u00f3mo se tratan las enfermedades de la piel?<\/h2>\n            <\/div>\n            <div class=\"elementskit-faq-body\">\n                Los tratamientos habituales para las enfermedades de la piel incluyen medicamentos orales, medicamentos t\u00f3picos o cremas, inyecciones, fototerapia o procedimientos quir\u00fargicos. Minimice el estr\u00e9s, mantenga la piel limpia, consuma alimentos nutritivos y evite fumar y beber alcohol en exceso. <br><br>\nPrograme una evaluaci\u00f3n en NY Partners Dermatology por tel\u00e9fono o en l\u00ednea hoy mismo para hacerse una prueba de detecci\u00f3n o recibir tratamiento para enfermedades de la piel.             <\/div>\n        <\/div>\n                \n    <\/div>\t\t\t\t<\/div>\n\t\t\t\t<\/div>\n\t\t\t\t\t<\/div>\n\t\t<\/div>\n\t\t\t\t\t<\/div>\n\t\t<\/section>\n\t\t\t\t<\/div>","protected":false},"excerpt":{"rendered":"<p>Skin Diseases Skin Diseases services offered in Sunset Park, Brooklyn and Flushing, NY Skin Diseases services offered in the greater Sunset Park, Brooklyn and Flushing, NY area If you develop a skin rash, discoloration, scaliness, or itching, skin disease may be to blame. At NY Partners Dermatology in the Sunset Park neighborhood of Brooklyn, New [&hellip;]<\/p>","protected":false},"author":1,"featured_media":0,"parent":0,"menu_order":0,"comment_status":"closed","ping_status":"closed","template":"elementor_header_footer","meta":{"footnotes":""},"class_list":["post-801","page","type-page","status-publish","hentry"],"aioseo_notices":[],"_links":{"self":[{"href":"https:\/\/nypskin.com\/es\/wp-json\/wp\/v2\/pages\/801"}],"collection":[{"href":"https:\/\/nypskin.com\/es\/wp-json\/wp\/v2\/pages"}],"about":[{"href":"https:\/\/nypskin.com\/es\/wp-json\/wp\/v2\/types\/page"}],"author":[{"embeddable":true,"href":"https:\/\/nypskin.com\/es\/wp-json\/wp\/v2\/users\/1"}],"replies":[{"embeddable":true,"href":"https:\/\/nypskin.com\/es\/wp-json\/wp\/v2\/comments?post=801"}],"version-history":[{"count":43,"href":"https:\/\/nypskin.com\/es\/wp-json\/wp\/v2\/pages\/801\/revisions"}],"predecessor-version":[{"id":1331,"href":"https:\/\/nypskin.com\/es\/wp-json\/wp\/v2\/pages\/801\/revisions\/1331"}],"wp:attachment":[{"href":"https:\/\/nypskin.com\/es\/wp-json\/wp\/v2\/media?parent=801"}],"curies":[{"name":"wp","href":"https:\/\/api.w.org\/{rel}","templated":true}]}}