{"id":766,"date":"2024-08-21T08:05:22","date_gmt":"2024-08-21T08:05:22","guid":{"rendered":"https:\/\/nypskin.com\/?page_id=766"},"modified":"2024-08-27T08:15:26","modified_gmt":"2024-08-27T08:15:26","slug":"hair-loss-treatment","status":"publish","type":"page","link":"https:\/\/nypskin.com\/es\/hair-loss-treatment\/","title":{"rendered":"Tratamiento para la ca\u00edda del cabello"},"content":{"rendered":"<div data-elementor-type=\"wp-page\" data-elementor-id=\"766\" class=\"elementor elementor-766\" data-elementor-post-type=\"page\">\n\t\t\t\t\t\t<section class=\"elementor-section elementor-top-section elementor-element elementor-element-d5f67aa elementor-section-boxed elementor-section-height-default elementor-section-height-default\" data-id=\"d5f67aa\" data-element_type=\"section\" data-settings=\"{&quot;background_background&quot;:&quot;classic&quot;}\">\n\t\t\t\t\t\t\t<div class=\"elementor-background-overlay\"><\/div>\n\t\t\t\t\t\t\t<div class=\"elementor-container elementor-column-gap-default\">\n\t\t\t\t\t<div class=\"elementor-column elementor-col-100 elementor-top-column elementor-element elementor-element-c08a7e0\" data-id=\"c08a7e0\" data-element_type=\"column\">\n\t\t\t<div class=\"elementor-widget-wrap elementor-element-populated\">\n\t\t\t\t\t\t<div class=\"elementor-element elementor-element-461b4aa elementor-widget elementor-widget-heading\" data-id=\"461b4aa\" data-element_type=\"widget\" data-widget_type=\"heading.default\">\n\t\t\t\t<div class=\"elementor-widget-container\">\n\t\t\t\t\t<h2 class=\"elementor-heading-title elementor-size-default\">Tratamiento para la ca\u00edda del cabello\n<\/h2>\t\t\t\t<\/div>\n\t\t\t\t<\/div>\n\t\t\t\t<div class=\"elementor-element elementor-element-4145cf8 elementor-widget elementor-widget-heading\" data-id=\"4145cf8\" data-element_type=\"widget\" data-widget_type=\"heading.default\">\n\t\t\t\t<div class=\"elementor-widget-container\">\n\t\t\t\t\t<h2 class=\"elementor-heading-title elementor-size-default\">Servicios de tratamiento para la ca\u00edda del cabello ofrecidos en Sunset Park, Brooklyn y Flushing, NY\n<\/h2>\t\t\t\t<\/div>\n\t\t\t\t<\/div>\n\t\t\t\t\t<\/div>\n\t\t<\/div>\n\t\t\t\t\t<\/div>\n\t\t<\/section>\n\t\t\t\t<section class=\"elementor-section elementor-top-section elementor-element elementor-element-339e32c elementor-section-boxed elementor-section-height-default elementor-section-height-default\" data-id=\"339e32c\" data-element_type=\"section\">\n\t\t\t\t\t\t<div class=\"elementor-container elementor-column-gap-default\">\n\t\t\t\t\t<div class=\"elementor-column elementor-col-50 elementor-top-column elementor-element elementor-element-c1dad9d\" data-id=\"c1dad9d\" data-element_type=\"column\" data-settings=\"{&quot;background_background&quot;:&quot;classic&quot;}\">\n\t\t\t<div class=\"elementor-widget-wrap elementor-element-populated\">\n\t\t\t\t\t\t<div class=\"elementor-element elementor-element-425c0f6 elementor-widget elementor-widget-spacer\" data-id=\"425c0f6\" data-element_type=\"widget\" data-widget_type=\"spacer.default\">\n\t\t\t\t<div class=\"elementor-widget-container\">\n\t\t\t\t\t\t\t<div class=\"elementor-spacer\">\n\t\t\t<div class=\"elementor-spacer-inner\"><\/div>\n\t\t<\/div>\n\t\t\t\t\t\t<\/div>\n\t\t\t\t<\/div>\n\t\t\t\t\t<\/div>\n\t\t<\/div>\n\t\t\t\t<div class=\"elementor-column elementor-col-50 elementor-top-column elementor-element elementor-element-b3bc146\" data-id=\"b3bc146\" data-element_type=\"column\" data-settings=\"{&quot;background_background&quot;:&quot;classic&quot;}\">\n\t\t\t<div class=\"elementor-widget-wrap elementor-element-populated\">\n\t\t\t\t\t<div class=\"elementor-background-overlay\"><\/div>\n\t\t\t\t\t\t<div class=\"elementor-element elementor-element-05f8e50 elementor-widget elementor-widget-heading\" data-id=\"05f8e50\" data-element_type=\"widget\" data-widget_type=\"heading.default\">\n\t\t\t\t<div class=\"elementor-widget-container\">\n\t\t\t\t\t<h2 class=\"elementor-heading-title elementor-size-default\">Servicios de tratamiento para la ca\u00edda del cabello ofrecidos en el \u00e1rea metropolitana de Sunset Park, Brooklyn y Flushing, NY\n<\/h2>\t\t\t\t<\/div>\n\t\t\t\t<\/div>\n\t\t\t\t<div class=\"elementor-element elementor-element-ba4675b elementor-widget elementor-widget-text-editor\" data-id=\"ba4675b\" data-element_type=\"widget\" data-widget_type=\"text-editor.default\">\n\t\t\t\t<div class=\"elementor-widget-container\">\n\t\t\t\t\t\t\t\t\t<section id=\"vbid-d1fbd4de-a11f-4c10-9fae-914769b73acc\" class=\"section master item-box\" data-position=\"default\" data-position-popup-appearance=\"always\" data-arranger=\"flex\" data-textalign=\"left\" data-verticalalign=\"center\" data-horizontalalign=\"center\" data-layouttype=\"multi\" data-layoutclass=\"right-center\" data-layoutratio=\"0.5\" data-layoutborder=\"10\" data-imagefit=\"cover\" data-imagefilter=\"filter-1\" data-imagescroll=\"normal\" data-section-width=\"boxed\" data-sbid=\"sbid-c74583c2-bf69-4a3c-9ab3-ad2b2353fc08\" data-backgroundimagefilter=\"section-bg-filter-1\" data-autoplay=\"stop\" data-durationbetweenslides=\"4\" data-headerposition=\"false\" data-is-slide-section=\"true\"><div class=\"children\"><div class=\"section-children\"><article id=\"vbid-d1fbd4de-a11f-4c10-9fae-914769b73acc_0\" class=\"item section-item\" data-no-children=\"false\" data-visible=\"true\"><div class=\"text-side editable\"><div id=\"vbid-d1fbd4de-a11f-4c10-9fae-914769b73acc-dyn_elem_BODY_0s\" class=\"element body_preset_1\" contenteditable=\"false\" data-elementtype=\"BODY\"><p>Si bien el debilitamiento del cabello es un signo com\u00fan del envejecimiento, no tiene por qu\u00e9 conformarse con ello. En NY Partners Dermatology en Sunset Park, Brooklyn, Nueva York, la dermat\u00f3loga certificada Sarah Siu, MD, y su equipo ofrecen un tratamiento altamente efectivo contra la ca\u00edda del cabello, la alopecia y otras causas de calvicie. Programe una evaluaci\u00f3n en NY Partners Dermatology por tel\u00e9fono o en l\u00ednea hoy mismo para aprovechar los beneficios de un cabello m\u00e1s grueso.<\/p><\/div><\/div><\/article><\/div><\/div><\/section>\t\t\t\t\t\t\t\t<\/div>\n\t\t\t\t<\/div>\n\t\t\t\t\t<\/div>\n\t\t<\/div>\n\t\t\t\t\t<\/div>\n\t\t<\/section>\n\t\t\t\t<section class=\"elementor-section elementor-top-section elementor-element elementor-element-d16d4a1 elementor-section-boxed elementor-section-height-default elementor-section-height-default\" data-id=\"d16d4a1\" data-element_type=\"section\">\n\t\t\t\t\t\t<div class=\"elementor-container elementor-column-gap-default\">\n\t\t\t\t\t<div class=\"elementor-column elementor-col-100 elementor-top-column elementor-element elementor-element-4432a20\" data-id=\"4432a20\" data-element_type=\"column\">\n\t\t\t<div class=\"elementor-widget-wrap elementor-element-populated\">\n\t\t\t\t\t\t<div class=\"elementor-element elementor-element-27c9818 elementor-widget elementor-widget-elementskit-faq\" data-id=\"27c9818\" data-element_type=\"widget\" data-widget_type=\"elementskit-faq.default\">\n\t\t\t\t<div class=\"elementor-widget-container\">\n\t\t\t\t\t<div class=\"ekit-wid-con\" >\n                <div class=\"elementskit-single-faq elementor-repeater-item-7724d93\">\n            <div class=\"elementskit-faq-header\">\n                <h2 class=\"elementskit-faq-title\">\u00bfQu\u00e9 es el tratamiento para la ca\u00edda del cabello?<\/h2>\n            <\/div>\n            <div class=\"elementskit-faq-body\">\n                El tratamiento contra la ca\u00edda del cabello en NY Partners Dermatology es una soluci\u00f3n antienvejecimiento que aumenta el grosor y la salud general del cabello. El consultorio ofrece numerosos tratamientos que estimulan los fol\u00edculos pilosos para que vuelvan a crecer, rellenen las zonas calvas y le hagan lucir a\u00f1os m\u00e1s joven sin tratamientos invasivos ni tiempo de recuperaci\u00f3n.            <\/div>\n        <\/div>\n                <div class=\"elementskit-single-faq elementor-repeater-item-3b42ca4\">\n            <div class=\"elementskit-faq-header\">\n                <h2 class=\"elementskit-faq-title\">\u00bfCu\u00e1les son los beneficios del tratamiento contra la ca\u00edda del cabello?<\/h2>\n            <\/div>\n            <div class=\"elementskit-faq-body\">\n                Las ventajas que puede esperar al elegir un tratamiento para la ca\u00edda del cabello incluyen:<br>\n\u25cf Cabello m\u00e1s abundante<br>\n\u25cf Aumento del grosor del cabello.\n<br>\n\u25cf Menos zonas calvas\n<br>\n\u25cf Puntos negros<br>\n\u25cf Apariencia m\u00e1s joven\n<br>\n\u25cf Cabello m\u00e1s sano\n<br>\u25cf Confianza en s\u00ed mismo\n\n<br>\u25cf Mejora la calidad de vida<br>\n\n<br>NY Partners Dermatology ofrece tratamientos contra la ca\u00edda del cabello que son simples, indoloros y duraderos, sin necesidad de tiempo de recuperaci\u00f3n. El equipo experimentado est\u00e1 altamente capacitado y cuenta con muchos a\u00f1os de experiencia en el tratamiento de la ca\u00edda del cabello.            <\/div>\n        <\/div>\n                <div class=\"elementskit-single-faq elementor-repeater-item-7c14725\">\n            <div class=\"elementskit-faq-header\">\n                <h2 class=\"elementskit-faq-title\">\u00bfQui\u00e9n es candidato para el tratamiento de la ca\u00edda del cabello?<\/h2>\n            <\/div>\n            <div class=\"elementskit-faq-body\">\n                El tratamiento para la ca\u00edda del cabello puede ser adecuado para usted si le han diagnosticado alopecia u otras causas de debilitamiento del cabello. Otros factores de riesgo de la ca\u00edda del cabello incluyen la mala nutrici\u00f3n, la p\u00e9rdida r\u00e1pida de peso, los antecedentes familiares de ca\u00edda del cabello, el envejecimiento, las malas pr\u00e1cticas de cuidado del cabello, los desequilibrios hormonales y algunos medicamentos. \n<br><br>\n\nEl equipo de Dermatolog\u00eda de NY Partners examina su cabello y cuero cabelludo, revisa su historial m\u00e9dico y le pregunta sobre sus objetivos antes de personalizar un plan de tratamiento seg\u00fan sus necesidades individualizadas.            <\/div>\n        <\/div>\n                <div class=\"elementskit-single-faq elementor-repeater-item-7bb0d92\">\n            <div class=\"elementskit-faq-header\">\n                <h2 class=\"elementskit-faq-title\">\u00bfQu\u00e9 puedo esperar durante el tratamiento contra la ca\u00edda del cabello?<\/h2>\n            <\/div>\n            <div class=\"elementskit-faq-body\">\n                Durante el tratamiento para la ca\u00edda del cabello, usted descansa c\u00f3modamente mientras su m\u00e9dico le inyecta suavemente esteroides, plasma rico en plaquetas (PRP) de su sangre u otras sustancias en el cuero cabelludo. Cada inyecci\u00f3n demora solo unos minutos. <br><br>\nYour provider might suggest you take medications, alter your diet, try dietary supplements, or use specialized hair care products. <br><br>\nNY Partners Dermatology also provides microneedling for your scalp, a hair restoration treatment that uses tiny needles and PRP as a natural way to regrowth hair without pain or harsh treatments.            <\/div>\n        <\/div>\n                <div class=\"elementskit-single-faq elementor-repeater-item-25e331d\">\n            <div class=\"elementskit-faq-header\">\n                <h2 class=\"elementskit-faq-title\">What happens after hair loss treatment?<\/h2>\n            <\/div>\n            <div class=\"elementskit-faq-body\">\n                While you can resume typical daily activities immediately after hair loss treatments, the affected areas may be temporarily tender, red, or swollen.<br><br>\nA menudo, se necesitan varias sesiones de tratamiento para lograr una restauraci\u00f3n capilar eficaz y duradera. El equipo de dermatolog\u00eda de NY Partners le informa cu\u00e1ndo programar su pr\u00f3ximo tratamiento contra la ca\u00edda del cabello. <br><br>\nLlame a la oficina de Dermatolog\u00eda de NY Partners para aprovechar los tratamientos superiores contra la p\u00e9rdida del cabello, o utilice la pesta\u00f1a de reserva en l\u00ednea hoy mismo.             <\/div>\n        <\/div>\n                \n    <\/div>\t\t\t\t<\/div>\n\t\t\t\t<\/div>\n\t\t\t\t\t<\/div>\n\t\t<\/div>\n\t\t\t\t\t<\/div>\n\t\t<\/section>\n\t\t\t\t<\/div>","protected":false},"excerpt":{"rendered":"<p>Hair Loss Treatment Hair Loss Treatment services offered in Sunset Park, Brooklyn and Flushing, NY Hair Loss Treatment services offered in the greater Sunset Park, Brooklyn and Flushing, NY area While a common sign of aging, thinning hair is something you don\u2019t have to settle for. At NY Partners Dermatology in Sunset Park, Brooklyn, New [&hellip;]<\/p>","protected":false},"author":1,"featured_media":0,"parent":0,"menu_order":0,"comment_status":"closed","ping_status":"closed","template":"elementor_header_footer","meta":{"footnotes":""},"class_list":["post-766","page","type-page","status-publish","hentry"],"aioseo_notices":[],"_links":{"self":[{"href":"https:\/\/nypskin.com\/es\/wp-json\/wp\/v2\/pages\/766"}],"collection":[{"href":"https:\/\/nypskin.com\/es\/wp-json\/wp\/v2\/pages"}],"about":[{"href":"https:\/\/nypskin.com\/es\/wp-json\/wp\/v2\/types\/page"}],"author":[{"embeddable":true,"href":"https:\/\/nypskin.com\/es\/wp-json\/wp\/v2\/users\/1"}],"replies":[{"embeddable":true,"href":"https:\/\/nypskin.com\/es\/wp-json\/wp\/v2\/comments?post=766"}],"version-history":[{"count":28,"href":"https:\/\/nypskin.com\/es\/wp-json\/wp\/v2\/pages\/766\/revisions"}],"predecessor-version":[{"id":1053,"href":"https:\/\/nypskin.com\/es\/wp-json\/wp\/v2\/pages\/766\/revisions\/1053"}],"wp:attachment":[{"href":"https:\/\/nypskin.com\/es\/wp-json\/wp\/v2\/media?parent=766"}],"curies":[{"name":"wp","href":"https:\/\/api.w.org\/{rel}","templated":true}]}}