{"id":738,"date":"2024-08-21T03:40:52","date_gmt":"2024-08-21T03:40:52","guid":{"rendered":"https:\/\/nypskin.com\/?page_id=738"},"modified":"2024-10-01T14:55:56","modified_gmt":"2024-10-01T14:55:56","slug":"acne-treatment","status":"publish","type":"page","link":"https:\/\/nypskin.com\/es\/acne-treatment\/","title":{"rendered":"Tratamiento del acn\u00e9"},"content":{"rendered":"<div data-elementor-type=\"wp-page\" data-elementor-id=\"738\" class=\"elementor elementor-738\" data-elementor-post-type=\"page\">\n\t\t\t\t\t\t<section class=\"elementor-section elementor-top-section elementor-element elementor-element-a70886b elementor-section-boxed elementor-section-height-default elementor-section-height-default\" data-id=\"a70886b\" data-element_type=\"section\" data-settings=\"{&quot;background_background&quot;:&quot;classic&quot;}\">\n\t\t\t\t\t\t\t<div class=\"elementor-background-overlay\"><\/div>\n\t\t\t\t\t\t\t<div class=\"elementor-container elementor-column-gap-default\">\n\t\t\t\t\t<div class=\"elementor-column elementor-col-100 elementor-top-column elementor-element elementor-element-6c7bcd5\" data-id=\"6c7bcd5\" data-element_type=\"column\">\n\t\t\t<div class=\"elementor-widget-wrap elementor-element-populated\">\n\t\t\t\t\t\t<div class=\"elementor-element elementor-element-f89ba82 elementor-widget elementor-widget-heading\" data-id=\"f89ba82\" data-element_type=\"widget\" data-widget_type=\"heading.default\">\n\t\t\t\t<div class=\"elementor-widget-container\">\n\t\t\t\t\t<h2 class=\"elementor-heading-title elementor-size-default\">Tratamiento del acn\u00e9\n<\/h2>\t\t\t\t<\/div>\n\t\t\t\t<\/div>\n\t\t\t\t<div class=\"elementor-element elementor-element-cd3d34f elementor-widget elementor-widget-heading\" data-id=\"cd3d34f\" data-element_type=\"widget\" data-widget_type=\"heading.default\">\n\t\t\t\t<div class=\"elementor-widget-container\">\n\t\t\t\t\t<h2 class=\"elementor-heading-title elementor-size-default\">Servicios de tratamiento del acn\u00e9 ofrecidos en Sunset Park, Brooklyn y Flushing, NY\n<\/h2>\t\t\t\t<\/div>\n\t\t\t\t<\/div>\n\t\t\t\t\t<\/div>\n\t\t<\/div>\n\t\t\t\t\t<\/div>\n\t\t<\/section>\n\t\t\t\t<section class=\"elementor-section elementor-top-section elementor-element elementor-element-326815b elementor-section-boxed elementor-section-height-default elementor-section-height-default\" data-id=\"326815b\" data-element_type=\"section\">\n\t\t\t\t\t\t<div class=\"elementor-container elementor-column-gap-default\">\n\t\t\t\t\t<div class=\"elementor-column elementor-col-50 elementor-top-column elementor-element elementor-element-ebe3836\" data-id=\"ebe3836\" data-element_type=\"column\" data-settings=\"{&quot;background_background&quot;:&quot;classic&quot;}\">\n\t\t\t<div class=\"elementor-widget-wrap elementor-element-populated\">\n\t\t\t\t\t\t<div class=\"elementor-element elementor-element-421c60f elementor-widget elementor-widget-spacer\" data-id=\"421c60f\" data-element_type=\"widget\" data-widget_type=\"spacer.default\">\n\t\t\t\t<div class=\"elementor-widget-container\">\n\t\t\t\t\t\t\t<div class=\"elementor-spacer\">\n\t\t\t<div class=\"elementor-spacer-inner\"><\/div>\n\t\t<\/div>\n\t\t\t\t\t\t<\/div>\n\t\t\t\t<\/div>\n\t\t\t\t\t<\/div>\n\t\t<\/div>\n\t\t\t\t<div class=\"elementor-column elementor-col-50 elementor-top-column elementor-element elementor-element-28481d1\" data-id=\"28481d1\" data-element_type=\"column\" data-settings=\"{&quot;background_background&quot;:&quot;classic&quot;}\">\n\t\t\t<div class=\"elementor-widget-wrap elementor-element-populated\">\n\t\t\t\t\t<div class=\"elementor-background-overlay\"><\/div>\n\t\t\t\t\t\t<div class=\"elementor-element elementor-element-4ff1bad elementor-widget elementor-widget-heading\" data-id=\"4ff1bad\" data-element_type=\"widget\" data-widget_type=\"heading.default\">\n\t\t\t\t<div class=\"elementor-widget-container\">\n\t\t\t\t\t<h2 class=\"elementor-heading-title elementor-size-default\">Servicios de tratamiento del acn\u00e9 ofrecidos en el \u00e1rea metropolitana de Sunset Park, Brooklyn y Flushing, NY\n<\/h2>\t\t\t\t<\/div>\n\t\t\t\t<\/div>\n\t\t\t\t<div class=\"elementor-element elementor-element-2b77629 elementor-widget elementor-widget-text-editor\" data-id=\"2b77629\" data-element_type=\"widget\" data-widget_type=\"text-editor.default\">\n\t\t\t\t<div class=\"elementor-widget-container\">\n\t\t\t\t\t\t\t\t\t<p>No tiene por qu\u00e9 vivir con p\u00fastulas, puntos blancos o puntos negros que tienen un aspecto antiest\u00e9tico, dejan cicatrices o disminuyen su confianza en s\u00ed mismo. En NY Partners Dermatology, en el barrio Sunset Park de Brooklyn, Nueva York, la dermat\u00f3loga certificada Sarah Siu, MD, y su equipo ofrecen tratamientos contra el acn\u00e9 altamente efectivos que eliminan las imperfecciones de la piel y le dan un brillo saludable. Programe una cita en NY Partners Dermatology por tel\u00e9fono o en l\u00ednea hoy mismo para eliminar el acn\u00e9.<\/p>\t\t\t\t\t\t\t\t<\/div>\n\t\t\t\t<\/div>\n\t\t\t\t\t<\/div>\n\t\t<\/div>\n\t\t\t\t\t<\/div>\n\t\t<\/section>\n\t\t\t\t<section class=\"elementor-section elementor-top-section elementor-element elementor-element-853776d elementor-section-boxed elementor-section-height-default elementor-section-height-default\" data-id=\"853776d\" data-element_type=\"section\">\n\t\t\t\t\t\t<div class=\"elementor-container elementor-column-gap-default\">\n\t\t\t\t\t<div class=\"elementor-column elementor-col-100 elementor-top-column elementor-element elementor-element-466f50a\" data-id=\"466f50a\" data-element_type=\"column\">\n\t\t\t<div class=\"elementor-widget-wrap elementor-element-populated\">\n\t\t\t\t\t\t<div class=\"elementor-element elementor-element-699a915 elementor-widget elementor-widget-elementskit-faq\" data-id=\"699a915\" data-element_type=\"widget\" data-widget_type=\"elementskit-faq.default\">\n\t\t\t\t<div class=\"elementor-widget-container\">\n\t\t\t\t\t<div class=\"ekit-wid-con\" >\n                <div class=\"elementskit-single-faq elementor-repeater-item-7724d93\">\n            <div class=\"elementskit-faq-header\">\n                <h2 class=\"elementskit-faq-title\">\u00bfQu\u00e9 es el tratamiento del acn\u00e9?<\/h2>\n            <\/div>\n            <div class=\"elementskit-faq-body\">\n                Los tratamientos para el acn\u00e9 disponibles en NY Partners Dermatology incluyen medicamentos recetados y cremas que eliminan los granos, los puntos negros o los puntos blancos sin tratamientos invasivos. El consultorio tambi\u00e9n ofrece peelings qu\u00edmicos y otras soluciones para el acn\u00e9 que disminuyen las imperfecciones y le ayudan a ganar confianza. El equipo de NY Partners Dermatology es altamente capacitado y experimentado.            <\/div>\n        <\/div>\n                <div class=\"elementskit-single-faq elementor-repeater-item-3b42ca4\">\n            <div class=\"elementskit-faq-header\">\n                <h2 class=\"elementskit-faq-title\">\u00bfQui\u00e9n puede beneficiarse de nuestros tratamientos para el acn\u00e9?<\/h2>\n            <\/div>\n            <div class=\"elementskit-faq-body\">\n                Los candidatos para tratamientos contra el acn\u00e9 en NY Partners Dermatology incluyen personas que padecen:<br>\n\u25cf P\u00fastulas<br>\n\u25cf Granos<br>\n\u25cf Puntos blancos<br>\n\u25cf Puntos negros<br>\n\u25cf Cicatrices de acn\u00e9<br>\nEs posible que tengas acn\u00e9 leve o severo que permanece constante o aparece y desaparece. A veces, las lesiones de acn\u00e9 tambi\u00e9n son dolorosas.            <\/div>\n        <\/div>\n                <div class=\"elementskit-single-faq elementor-repeater-item-7c14725\">\n            <div class=\"elementskit-faq-header\">\n                <h2 class=\"elementskit-faq-title\">\u00bfQu\u00e9 puede aumentar mi riesgo de desarrollar acn\u00e9?<\/h2>\n            <\/div>\n            <div class=\"elementskit-faq-body\">\n                Los factores que aumentan el riesgo de sufrir acn\u00e9 incluyen la producci\u00f3n excesiva de grasa, ser adolescente, el embarazo, la mediana edad en las mujeres, las fluctuaciones hormonales, el estr\u00e9s y algunos medicamentos. Tener antecedentes familiares de acn\u00e9 tambi\u00e9n puede aumentar las probabilidades de desarrollarlo.             <\/div>\n        <\/div>\n                <div class=\"elementskit-single-faq elementor-repeater-item-7bb0d92\">\n            <div class=\"elementskit-faq-header\">\n                <h2 class=\"elementskit-faq-title\">\u00bfQu\u00e9 tratamientos para el acn\u00e9 son mejores para m\u00ed?<\/h2>\n            <\/div>\n            <div class=\"elementskit-faq-body\">\n                El equipo de dermatolog\u00eda de NY Partners examina su piel y revisa su historial m\u00e9dico. Le preguntan sobre los medicamentos que toma, sus h\u00e1bitos de vida, sus preferencias de tratamiento y los resultados que desea obtener antes de personalizar un plan de tratamiento para el acn\u00e9.            <\/div>\n        <\/div>\n                <div class=\"elementskit-single-faq elementor-repeater-item-25e331d\">\n            <div class=\"elementskit-faq-header\">\n                <h2 class=\"elementskit-faq-title\">\u00bfQu\u00e9 puedo esperar durante los tratamientos del acn\u00e9?<\/h2>\n            <\/div>\n            <div class=\"elementskit-faq-body\">\n                Lo que puede esperar durante el tratamiento del acn\u00e9 depende de la gravedad del acn\u00e9 y del tratamiento que reciba. Puede tomar medicamentos orales, usar cremas o someterse a peelings qu\u00edmicos, que utilizan una soluci\u00f3n qu\u00edmica para exfoliar y eliminar las c\u00e9lulas cut\u00e1neas m\u00e1s externas. <br><br> NY Partners Dermatology tambi\u00e9n ofrece terapias basadas en luz para el acn\u00e9, extracciones e inyecciones de esteroides que reducen los n\u00f3dulos y las lesiones qu\u00edsticas.  <br><br>Es posible que sea candidato a varios tratamientos contra el acn\u00e9 para garantizar resultados excepcionales. Con el tiempo, podr\u00e1 esperar una piel m\u00e1s clara, suave y saludable. NY Partners Dermatology tambi\u00e9n ofrece tratamientos que reducen las cicatrices del acn\u00e9.  <br><br>Llame a la oficina en cualquier momento si tiene preguntas o inquietudes sobre su plan de tratamiento y haga un seguimiento con el equipo de dermatolog\u00eda de NY Partners seg\u00fan sea necesario para asegurarse de que el tratamiento sea efectivo.<br><br> NY Partners Dermatology ofrece tratamientos cosm\u00e9ticos adicionales, que incluyen Botox\u00ae, rellenos d\u00e9rmicos y otros, si usted es candidato para estas soluciones est\u00e9ticas.<br><br>  Llame a la oficina de Dermatolog\u00eda de NY Partners o utilice la pesta\u00f1a de reserva en l\u00ednea hoy para aprovechar el tratamiento para el acn\u00e9.            <\/div>\n        <\/div>\n                \n    <\/div>\t\t\t\t<\/div>\n\t\t\t\t<\/div>\n\t\t\t\t\t<\/div>\n\t\t<\/div>\n\t\t\t\t\t<\/div>\n\t\t<\/section>\n\t\t\t\t<\/div>","protected":false},"excerpt":{"rendered":"<p>Acne Treatment Acne Treatment services offered in Sunset Park, Brooklyn and Flushing, NY Acne Treatment services offered in the greater Sunset Park, Brooklyn and Flushing, NY area You don\u2019t have to live with pustules, whiteheads, or blackheads that look unsightly, cause scarring, or diminish your self-confidence. At NY Partners Dermatology in the Sunset Park neighborhood [&hellip;]<\/p>","protected":false},"author":1,"featured_media":0,"parent":0,"menu_order":0,"comment_status":"closed","ping_status":"closed","template":"elementor_header_footer","meta":{"footnotes":""},"class_list":["post-738","page","type-page","status-publish","hentry"],"aioseo_notices":[],"_links":{"self":[{"href":"https:\/\/nypskin.com\/es\/wp-json\/wp\/v2\/pages\/738"}],"collection":[{"href":"https:\/\/nypskin.com\/es\/wp-json\/wp\/v2\/pages"}],"about":[{"href":"https:\/\/nypskin.com\/es\/wp-json\/wp\/v2\/types\/page"}],"author":[{"embeddable":true,"href":"https:\/\/nypskin.com\/es\/wp-json\/wp\/v2\/users\/1"}],"replies":[{"embeddable":true,"href":"https:\/\/nypskin.com\/es\/wp-json\/wp\/v2\/comments?post=738"}],"version-history":[{"count":34,"href":"https:\/\/nypskin.com\/es\/wp-json\/wp\/v2\/pages\/738\/revisions"}],"predecessor-version":[{"id":1323,"href":"https:\/\/nypskin.com\/es\/wp-json\/wp\/v2\/pages\/738\/revisions\/1323"}],"wp:attachment":[{"href":"https:\/\/nypskin.com\/es\/wp-json\/wp\/v2\/media?parent=738"}],"curies":[{"name":"wp","href":"https:\/\/api.w.org\/{rel}","templated":true}]}}