{"id":1102,"date":"2024-08-27T16:30:18","date_gmt":"2024-08-27T16:30:18","guid":{"rendered":"https:\/\/nypskin.com\/?page_id=1102"},"modified":"2026-01-08T21:05:17","modified_gmt":"2026-01-08T21:05:17","slug":"jeffrey-dang-pa-c","status":"publish","type":"page","link":"https:\/\/nypskin.com\/es\/jeffrey-dang-pa-c\/","title":{"rendered":"Jeffrey Dang PA-C"},"content":{"rendered":"<div data-elementor-type=\"wp-page\" data-elementor-id=\"1102\" class=\"elementor elementor-1102\" data-elementor-post-type=\"page\">\n\t\t\t\t\t\t<section class=\"elementor-section elementor-top-section elementor-element elementor-element-d8170f5 elementor-section-boxed elementor-section-height-default elementor-section-height-default\" data-id=\"d8170f5\" data-element_type=\"section\" data-settings=\"{&quot;background_background&quot;:&quot;classic&quot;}\">\n\t\t\t\t\t\t\t<div class=\"elementor-background-overlay\"><\/div>\n\t\t\t\t\t\t\t<div class=\"elementor-container elementor-column-gap-default\">\n\t\t\t\t\t<div class=\"elementor-column elementor-col-100 elementor-top-column elementor-element elementor-element-0e8efee\" data-id=\"0e8efee\" data-element_type=\"column\">\n\t\t\t<div class=\"elementor-widget-wrap elementor-element-populated\">\n\t\t\t\t\t\t<div class=\"elementor-element elementor-element-9673908 elementor-widget elementor-widget-heading\" data-id=\"9673908\" data-element_type=\"widget\" data-widget_type=\"heading.default\">\n\t\t\t\t<div class=\"elementor-widget-container\">\n\t\t\t\t\t<h2 class=\"elementor-heading-title elementor-size-default\">Nuestras proveedoras\n<\/h2>\t\t\t\t<\/div>\n\t\t\t\t<\/div>\n\t\t\t\t<div class=\"elementor-element elementor-element-6d6061e elementor-widget elementor-widget-heading\" data-id=\"6d6061e\" data-element_type=\"widget\" data-widget_type=\"heading.default\">\n\t\t\t\t<div class=\"elementor-widget-container\">\n\t\t\t\t\t<h2 class=\"elementor-heading-title elementor-size-default\">Dermatolog\u00eda ubicada en Sunset Park, Brooklyn y Flushing, NY\n<\/h2>\t\t\t\t<\/div>\n\t\t\t\t<\/div>\n\t\t\t\t\t<\/div>\n\t\t<\/div>\n\t\t\t\t\t<\/div>\n\t\t<\/section>\n\t\t\t\t<section class=\"elementor-section elementor-top-section elementor-element elementor-element-f7f09fb elementor-section-boxed elementor-section-height-default elementor-section-height-default\" data-id=\"f7f09fb\" data-element_type=\"section\">\n\t\t\t\t\t\t<div class=\"elementor-container elementor-column-gap-default\">\n\t\t\t\t\t<div class=\"elementor-column elementor-col-100 elementor-top-column elementor-element elementor-element-24ac9b2\" data-id=\"24ac9b2\" data-element_type=\"column\">\n\t\t\t<div class=\"elementor-widget-wrap elementor-element-populated\">\n\t\t\t\t\t\t<div class=\"elementor-element elementor-element-bf0f84d elementor-widget elementor-widget-heading\" data-id=\"bf0f84d\" data-element_type=\"widget\" data-widget_type=\"heading.default\">\n\t\t\t\t<div class=\"elementor-widget-container\">\n\t\t\t\t\t<h2 class=\"elementor-heading-title elementor-size-default\">About Jeffrey Dang, PA-C\n<\/h2>\t\t\t\t<\/div>\n\t\t\t\t<\/div>\n\t\t\t\t<div class=\"elementor-element elementor-element-3ea3e34 elementor-widget elementor-widget-heading\" data-id=\"3ea3e34\" data-element_type=\"widget\" data-widget_type=\"heading.default\">\n\t\t\t\t<div class=\"elementor-widget-container\">\n\t\t\t\t\t<h2 class=\"elementor-heading-title elementor-size-default\">Asistente m\u00e9dico certificado por la junta\n<\/h2>\t\t\t\t<\/div>\n\t\t\t\t<\/div>\n\t\t\t\t<div class=\"elementor-element elementor-element-e57dd22 elementor-widget-divider--separator-type-pattern elementor-widget-divider--view-line elementor-widget elementor-widget-divider\" data-id=\"e57dd22\" data-element_type=\"widget\" data-widget_type=\"divider.default\">\n\t\t\t\t<div class=\"elementor-widget-container\">\n\t\t\t\t\t\t\t<div class=\"elementor-divider\" style=\"--divider-pattern-url: url(&quot;data:image\/svg+xml,%3Csvg xmlns=&#039;http:\/\/www.w3.org\/2000\/svg&#039; preserveAspectRatio=&#039;none&#039; overflow=&#039;visible&#039; height=&#039;100%&#039; viewBox=&#039;0 0 24 24&#039; fill=&#039;none&#039; stroke=&#039;black&#039; stroke-width=&#039;1&#039; stroke-linecap=&#039;square&#039; stroke-miterlimit=&#039;10&#039;%3E%3Cpolyline points=&#039;0,6 6,6 6,18 18,18 18,6 24,6 \t&#039;\/%3E%3C\/svg%3E&quot;);\">\n\t\t\t<span class=\"elementor-divider-separator\">\n\t\t\t\t\t\t<\/span>\n\t\t<\/div>\n\t\t\t\t\t\t<\/div>\n\t\t\t\t<\/div>\n\t\t\t\t<section class=\"elementor-section elementor-inner-section elementor-element elementor-element-6002d0f elementor-reverse-mobile elementor-section-boxed elementor-section-height-default elementor-section-height-default\" data-id=\"6002d0f\" data-element_type=\"section\">\n\t\t\t\t\t\t<div class=\"elementor-container elementor-column-gap-default\">\n\t\t\t\t\t<div class=\"elementor-column elementor-col-66 elementor-inner-column elementor-element elementor-element-d3fed52 animated-slow\" data-id=\"d3fed52\" data-element_type=\"column\" data-settings=\"{&quot;animation&quot;:&quot;none&quot;,&quot;background_background&quot;:&quot;classic&quot;}\">\n\t\t\t<div class=\"elementor-widget-wrap elementor-element-populated\">\n\t\t\t\t\t\t<div class=\"elementor-element elementor-element-729b1b8 elementor-widget elementor-widget-text-editor\" data-id=\"729b1b8\" data-element_type=\"widget\" data-widget_type=\"text-editor.default\">\n\t\t\t\t<div class=\"elementor-widget-container\">\n\t\t\t\t\t\t\t\t\t<p>Jeffrey Dang, PA-C, conocido por sus amigos y colegas como Jeff, es un asistente m\u00e9dico certificado en NY Partners Dermatology. Complet\u00f3 su educaci\u00f3n de pregrado y de asistente m\u00e9dico en Massachusetts College and Pharmacy and Health Sciences en Boston, MA.<\/p><p>Jeff aporta una gran experiencia a su pr\u00e1ctica, ya que trabaj\u00f3 tanto en atenci\u00f3n primaria como en medicina hospitalaria antes de unirse a NY Partners Dermatology. Su dedicaci\u00f3n a la atenci\u00f3n personalizada y compasiva es evidente en su trabajo con la comunidad china en la ciudad de Nueva York, donde se conecta con los pacientes hablando canton\u00e9s y mandar\u00edn conversacional.<\/p><p>A Jeff le apasiona la educaci\u00f3n del paciente y cree que un enfoque hol\u00edstico y colaborativo es clave para lograr los objetivos de salud de la piel. Se esfuerza por empoderar a sus pacientes con conocimiento sobre sus afecciones cut\u00e1neas y opciones de tratamiento, asegur\u00e1ndose de que se sientan seguros e involucrados en su atenci\u00f3n. Al considerar todos los aspectos de la vida de sus pacientes, incluidos los factores culturales y personales, Jeff ofrece planes de tratamiento integrales y personalizados.<\/p>\t\t\t\t\t\t\t\t<\/div>\n\t\t\t\t<\/div>\n\t\t\t\t<div class=\"elementor-element elementor-element-15bca1f elementor-mobile-align-center animated-slow elementor-align-center elementor-widget elementor-widget-button\" data-id=\"15bca1f\" data-element_type=\"widget\" data-settings=\"{&quot;_animation&quot;:&quot;none&quot;,&quot;_animation_delay&quot;:40}\" data-widget_type=\"button.default\">\n\t\t\t\t<div class=\"elementor-widget-container\">\n\t\t\t\t\t\t\t\t\t<div class=\"elementor-button-wrapper\">\n\t\t\t\t\t<a class=\"elementor-button elementor-button-link elementor-size-sm elementor-animation-float\" href=\"https:\/\/nypskin.com\/es\/appointment-request\/\">\n\t\t\t\t\t\t<span class=\"elementor-button-content-wrapper\">\n\t\t\t\t\t\t\t\t\t<span class=\"elementor-button-text\">Solicitar cita<\/span>\n\t\t\t\t\t<\/span>\n\t\t\t\t\t<\/a>\n\t\t\t\t<\/div>\n\t\t\t\t\t\t\t\t<\/div>\n\t\t\t\t<\/div>\n\t\t\t\t\t<\/div>\n\t\t<\/div>\n\t\t\t\t<div class=\"elementor-column elementor-col-33 elementor-inner-column elementor-element elementor-element-fe19ccb animated-slow\" data-id=\"fe19ccb\" data-element_type=\"column\" data-settings=\"{&quot;animation&quot;:&quot;none&quot;}\">\n\t\t\t<div class=\"elementor-widget-wrap elementor-element-populated\">\n\t\t\t\t\t\t<div class=\"elementor-element elementor-element-2a682d4 elementor-widget elementor-widget-image\" data-id=\"2a682d4\" data-element_type=\"widget\" data-settings=\"{&quot;sticky&quot;:&quot;top&quot;,&quot;sticky_parent&quot;:&quot;yes&quot;,&quot;sticky_on&quot;:[&quot;desktop&quot;,&quot;tablet&quot;,&quot;mobile&quot;],&quot;sticky_offset&quot;:0,&quot;sticky_effects_offset&quot;:0}\" data-widget_type=\"image.default\">\n\t\t\t\t<div class=\"elementor-widget-container\">\n\t\t\t\t\t\t\t\t\t\t\t\t\t\t\t<img fetchpriority=\"high\" decoding=\"async\" width=\"640\" height=\"800\" src=\"https:\/\/nypskin.com\/wp-content\/uploads\/2024\/08\/2739509-1-1.webp\" class=\"attachment-large size-large wp-image-397\" alt=\"\" srcset=\"https:\/\/nypskin.com\/wp-content\/uploads\/2024\/08\/2739509-1-1.webp 640w, https:\/\/nypskin.com\/wp-content\/uploads\/2024\/08\/2739509-1-1-240x300.webp 240w\" sizes=\"(max-width: 640px) 100vw, 640px\" \/>\t\t\t\t\t\t\t\t\t\t\t\t\t\t\t<\/div>\n\t\t\t\t<\/div>\n\t\t\t\t\t<\/div>\n\t\t<\/div>\n\t\t\t\t\t<\/div>\n\t\t<\/section>\n\t\t\t\t\t<\/div>\n\t\t<\/div>\n\t\t\t\t\t<\/div>\n\t\t<\/section>\n\t\t\t\t<\/div>","protected":false},"excerpt":{"rendered":"<p>Our Providers Dermatology located in Sunset Park, Brooklyn and Flushing, NY About Jeffrey Dang, PA-C Board-Certified Physician Assistant Jeffrey\u00a0Dang, PA-C, known by friends and colleagues as\u00a0Jeff, is a board-certified Physician Assistant at NY Partners Dermatology. He completed both his undergraduate and PA education at Massachusetts College and Pharmacy and Health Sciences in Boston, MA. Jeff\u00a0brings [&hellip;]<\/p>","protected":false},"author":1,"featured_media":0,"parent":0,"menu_order":0,"comment_status":"closed","ping_status":"closed","template":"elementor_header_footer","meta":{"footnotes":""},"class_list":["post-1102","page","type-page","status-publish","hentry"],"aioseo_notices":[],"_links":{"self":[{"href":"https:\/\/nypskin.com\/es\/wp-json\/wp\/v2\/pages\/1102"}],"collection":[{"href":"https:\/\/nypskin.com\/es\/wp-json\/wp\/v2\/pages"}],"about":[{"href":"https:\/\/nypskin.com\/es\/wp-json\/wp\/v2\/types\/page"}],"author":[{"embeddable":true,"href":"https:\/\/nypskin.com\/es\/wp-json\/wp\/v2\/users\/1"}],"replies":[{"embeddable":true,"href":"https:\/\/nypskin.com\/es\/wp-json\/wp\/v2\/comments?post=1102"}],"version-history":[{"count":13,"href":"https:\/\/nypskin.com\/es\/wp-json\/wp\/v2\/pages\/1102\/revisions"}],"predecessor-version":[{"id":1440,"href":"https:\/\/nypskin.com\/es\/wp-json\/wp\/v2\/pages\/1102\/revisions\/1440"}],"wp:attachment":[{"href":"https:\/\/nypskin.com\/es\/wp-json\/wp\/v2\/media?parent=1102"}],"curies":[{"name":"wp","href":"https:\/\/api.w.org\/{rel}","templated":true}]}}