{"id":1096,"date":"2024-08-27T16:25:18","date_gmt":"2024-08-27T16:25:18","guid":{"rendered":"https:\/\/nypskin.com\/?page_id=1096"},"modified":"2026-02-05T19:34:08","modified_gmt":"2026-02-05T19:34:08","slug":"sarah-siu-md","status":"publish","type":"page","link":"https:\/\/nypskin.com\/es\/sarah-siu-md\/","title":{"rendered":"Sarah Siu, MD"},"content":{"rendered":"<div data-elementor-type=\"wp-page\" data-elementor-id=\"1096\" class=\"elementor elementor-1096\" data-elementor-post-type=\"page\">\n\t\t\t\t\t\t<section class=\"elementor-section elementor-top-section elementor-element elementor-element-7dcc88b elementor-section-boxed elementor-section-height-default elementor-section-height-default\" data-id=\"7dcc88b\" data-element_type=\"section\" data-settings=\"{&quot;background_background&quot;:&quot;classic&quot;}\">\n\t\t\t\t\t\t\t<div class=\"elementor-background-overlay\"><\/div>\n\t\t\t\t\t\t\t<div class=\"elementor-container elementor-column-gap-default\">\n\t\t\t\t\t<div class=\"elementor-column elementor-col-100 elementor-top-column elementor-element elementor-element-255bf5c\" data-id=\"255bf5c\" data-element_type=\"column\">\n\t\t\t<div class=\"elementor-widget-wrap elementor-element-populated\">\n\t\t\t\t\t\t<div class=\"elementor-element elementor-element-589b0c0 elementor-widget elementor-widget-heading\" data-id=\"589b0c0\" data-element_type=\"widget\" data-widget_type=\"heading.default\">\n\t\t\t\t<div class=\"elementor-widget-container\">\n\t\t\t\t\t<h2 class=\"elementor-heading-title elementor-size-default\">Nuestras proveedoras\n<\/h2>\t\t\t\t<\/div>\n\t\t\t\t<\/div>\n\t\t\t\t<div class=\"elementor-element elementor-element-71e0761 elementor-widget elementor-widget-heading\" data-id=\"71e0761\" data-element_type=\"widget\" data-widget_type=\"heading.default\">\n\t\t\t\t<div class=\"elementor-widget-container\">\n\t\t\t\t\t<h2 class=\"elementor-heading-title elementor-size-default\">Dermatolog\u00eda ubicada en Sunset Park, Brooklyn y Flushing, NY\n<\/h2>\t\t\t\t<\/div>\n\t\t\t\t<\/div>\n\t\t\t\t\t<\/div>\n\t\t<\/div>\n\t\t\t\t\t<\/div>\n\t\t<\/section>\n\t\t\t\t<section class=\"elementor-section elementor-top-section elementor-element elementor-element-87c0c9a elementor-section-boxed elementor-section-height-default elementor-section-height-default\" data-id=\"87c0c9a\" data-element_type=\"section\">\n\t\t\t\t\t\t<div class=\"elementor-container elementor-column-gap-default\">\n\t\t\t\t\t<div class=\"elementor-column elementor-col-100 elementor-top-column elementor-element elementor-element-6affb91\" data-id=\"6affb91\" data-element_type=\"column\">\n\t\t\t<div class=\"elementor-widget-wrap elementor-element-populated\">\n\t\t\t\t\t\t<div class=\"elementor-element elementor-element-6d4ba70 elementor-widget elementor-widget-heading\" data-id=\"6d4ba70\" data-element_type=\"widget\" data-widget_type=\"heading.default\">\n\t\t\t\t<div class=\"elementor-widget-container\">\n\t\t\t\t\t<h2 class=\"elementor-heading-title elementor-size-default\">Acerca de la Dra. Sarah Y. Siu\n<\/h2>\t\t\t\t<\/div>\n\t\t\t\t<\/div>\n\t\t\t\t<div class=\"elementor-element elementor-element-f04ef7e elementor-widget elementor-widget-heading\" data-id=\"f04ef7e\" data-element_type=\"widget\" data-widget_type=\"heading.default\">\n\t\t\t\t<div class=\"elementor-widget-container\">\n\t\t\t\t\t<h2 class=\"elementor-heading-title elementor-size-default\">Dermat\u00f3logo certificado por la junta\n<\/h2>\t\t\t\t<\/div>\n\t\t\t\t<\/div>\n\t\t\t\t<div class=\"elementor-element elementor-element-7f215fc elementor-widget-divider--separator-type-pattern elementor-widget-divider--view-line elementor-widget elementor-widget-divider\" data-id=\"7f215fc\" data-element_type=\"widget\" data-widget_type=\"divider.default\">\n\t\t\t\t<div class=\"elementor-widget-container\">\n\t\t\t\t\t\t\t<div class=\"elementor-divider\" style=\"--divider-pattern-url: url(&quot;data:image\/svg+xml,%3Csvg xmlns=&#039;http:\/\/www.w3.org\/2000\/svg&#039; preserveAspectRatio=&#039;none&#039; overflow=&#039;visible&#039; height=&#039;100%&#039; viewBox=&#039;0 0 24 24&#039; fill=&#039;none&#039; stroke=&#039;black&#039; stroke-width=&#039;1&#039; stroke-linecap=&#039;square&#039; stroke-miterlimit=&#039;10&#039;%3E%3Cpolyline points=&#039;0,6 6,6 6,18 18,18 18,6 24,6 \t&#039;\/%3E%3C\/svg%3E&quot;);\">\n\t\t\t<span class=\"elementor-divider-separator\">\n\t\t\t\t\t\t<\/span>\n\t\t<\/div>\n\t\t\t\t\t\t<\/div>\n\t\t\t\t<\/div>\n\t\t\t\t<section class=\"elementor-section elementor-inner-section elementor-element elementor-element-1013cf3 elementor-section-boxed elementor-section-height-default elementor-section-height-default\" data-id=\"1013cf3\" data-element_type=\"section\">\n\t\t\t\t\t\t<div class=\"elementor-container elementor-column-gap-default\">\n\t\t\t\t\t<div class=\"elementor-column elementor-col-33 elementor-inner-column elementor-element elementor-element-4787a65\" data-id=\"4787a65\" data-element_type=\"column\">\n\t\t\t<div class=\"elementor-widget-wrap elementor-element-populated\">\n\t\t\t\t\t\t<div class=\"elementor-element elementor-element-270e3ae elementor-widget elementor-widget-image\" data-id=\"270e3ae\" data-element_type=\"widget\" data-settings=\"{&quot;sticky&quot;:&quot;top&quot;,&quot;sticky_parent&quot;:&quot;yes&quot;,&quot;sticky_on&quot;:[&quot;desktop&quot;,&quot;tablet&quot;,&quot;mobile&quot;],&quot;sticky_offset&quot;:0,&quot;sticky_effects_offset&quot;:0}\" data-widget_type=\"image.default\">\n\t\t\t\t<div class=\"elementor-widget-container\">\n\t\t\t\t\t\t\t\t\t\t\t\t\t\t\t<img fetchpriority=\"high\" decoding=\"async\" width=\"640\" height=\"920\" src=\"https:\/\/nypskin.com\/wp-content\/uploads\/2024\/08\/2715713-3.webp\" class=\"attachment-large size-large wp-image-380\" alt=\"\" srcset=\"https:\/\/nypskin.com\/wp-content\/uploads\/2024\/08\/2715713-3.webp 640w, https:\/\/nypskin.com\/wp-content\/uploads\/2024\/08\/2715713-3-209x300.webp 209w\" sizes=\"(max-width: 640px) 100vw, 640px\" \/>\t\t\t\t\t\t\t\t\t\t\t\t\t\t\t<\/div>\n\t\t\t\t<\/div>\n\t\t\t\t\t<\/div>\n\t\t<\/div>\n\t\t\t\t<div class=\"elementor-column elementor-col-66 elementor-inner-column elementor-element elementor-element-a8aaed9 animated-slow\" data-id=\"a8aaed9\" data-element_type=\"column\" data-settings=\"{&quot;animation&quot;:&quot;none&quot;,&quot;background_background&quot;:&quot;classic&quot;}\">\n\t\t\t<div class=\"elementor-widget-wrap elementor-element-populated\">\n\t\t\t\t\t\t<div class=\"elementor-element elementor-element-ac0cd64 elementor-widget elementor-widget-text-editor\" data-id=\"ac0cd64\" data-element_type=\"widget\" data-widget_type=\"text-editor.default\">\n\t\t\t\t<div class=\"elementor-widget-container\">\n\t\t\t\t\t\t\t\t\t<p>Sarah Siu, MD, is a comprehensive board-certified dermatologist who treats skin, hair, and nail conditions in patients of all ages and ethnicities. She practices medical, surgical, and cosmetic dermatology at NY Partners Dermatology, with locations in Sunset Park, Brooklyn and Flushing, New York City.<\/p><p>Se gradu\u00f3 del programa BA\/MD del CUNY Brooklyn College, donde recibi\u00f3 la distinci\u00f3n magna cum laude. La Dra. Siu complet\u00f3 su t\u00edtulo de m\u00e9dica en la SUNY Downstate College of Medicine. Continu\u00f3 su formaci\u00f3n como pasante de medicina interna en el SUNY Downstate Medical Center, donde tambi\u00e9n complet\u00f3 su residencia en dermatolog\u00eda y fue seleccionada para ser jefa de residentes en su \u00faltimo a\u00f1o.<\/p><p>La Dra. Siu actualmente es instructora cl\u00ednica en el Departamento de Dermatolog\u00eda del Mount Sinai Health System. Ha publicado en revistas acad\u00e9micas, realizado presentaciones en conferencias nacionales y es miembro de la Academia Estadounidense de Dermatolog\u00eda.\u00a0<\/p><p>Como neoyorquina nativa que creci\u00f3 en la zona, la Dra. Siu comprende las necesidades distintas y diversas de la comunidad. Se dedica a tratar a las poblaciones pedi\u00e1tricas y adultas del vecindario, brindando una atenci\u00f3n excepcional a su comunidad y utilizando tratamientos de vanguardia basados \u200b\u200ben evidencia para afecciones dermatol\u00f3gicas. Ayuda a los pacientes a elegir lo que es mejor seg\u00fan su estilo de vida, historial m\u00e9dico y preferencias.<\/p><p>El Dr. Siu da la bienvenida a los pacientes nuevos y existentes en NY Partners Dermatology. Para programar una consulta o una nueva visita, llame al equipo o reserve c\u00f3modamente en l\u00ednea.<\/p>\t\t\t\t\t\t\t\t<\/div>\n\t\t\t\t<\/div>\n\t\t\t\t<div class=\"elementor-element elementor-element-e0afbad elementor-mobile-align-center animated-slow elementor-align-center elementor-widget elementor-widget-button\" data-id=\"e0afbad\" data-element_type=\"widget\" data-settings=\"{&quot;_animation&quot;:&quot;none&quot;,&quot;_animation_delay&quot;:40}\" data-widget_type=\"button.default\">\n\t\t\t\t<div class=\"elementor-widget-container\">\n\t\t\t\t\t\t\t\t\t<div class=\"elementor-button-wrapper\">\n\t\t\t\t\t<a class=\"elementor-button elementor-button-link elementor-size-sm elementor-animation-float\" href=\"https:\/\/nypskin.com\/es\/appointment-request\/\">\n\t\t\t\t\t\t<span class=\"elementor-button-content-wrapper\">\n\t\t\t\t\t\t\t\t\t<span class=\"elementor-button-text\">Solicitar cita<\/span>\n\t\t\t\t\t<\/span>\n\t\t\t\t\t<\/a>\n\t\t\t\t<\/div>\n\t\t\t\t\t\t\t\t<\/div>\n\t\t\t\t<\/div>\n\t\t\t\t\t<\/div>\n\t\t<\/div>\n\t\t\t\t\t<\/div>\n\t\t<\/section>\n\t\t\t\t\t<\/div>\n\t\t<\/div>\n\t\t\t\t\t<\/div>\n\t\t<\/section>\n\t\t\t\t<\/div>","protected":false},"excerpt":{"rendered":"<p>Our Providers Dermatology located in Sunset Park, Brooklyn and Flushing, NY About Sarah Y. Siu, MD Board-Certified Dermatologist Sarah Siu, MD, is a comprehensive board-certified dermatologist who treats skin, hair, and nail conditions in patients of all ages and ethnicities. She practices medical, surgical, and cosmetic dermatology at NY Partners Dermatology, with locations in Sunset [&hellip;]<\/p>","protected":false},"author":1,"featured_media":0,"parent":0,"menu_order":0,"comment_status":"closed","ping_status":"closed","template":"elementor_header_footer","meta":{"footnotes":""},"class_list":["post-1096","page","type-page","status-publish","hentry"],"aioseo_notices":[],"_links":{"self":[{"href":"https:\/\/nypskin.com\/es\/wp-json\/wp\/v2\/pages\/1096"}],"collection":[{"href":"https:\/\/nypskin.com\/es\/wp-json\/wp\/v2\/pages"}],"about":[{"href":"https:\/\/nypskin.com\/es\/wp-json\/wp\/v2\/types\/page"}],"author":[{"embeddable":true,"href":"https:\/\/nypskin.com\/es\/wp-json\/wp\/v2\/users\/1"}],"replies":[{"embeddable":true,"href":"https:\/\/nypskin.com\/es\/wp-json\/wp\/v2\/comments?post=1096"}],"version-history":[{"count":23,"href":"https:\/\/nypskin.com\/es\/wp-json\/wp\/v2\/pages\/1096\/revisions"}],"predecessor-version":[{"id":1592,"href":"https:\/\/nypskin.com\/es\/wp-json\/wp\/v2\/pages\/1096\/revisions\/1592"}],"wp:attachment":[{"href":"https:\/\/nypskin.com\/es\/wp-json\/wp\/v2\/media?parent=1096"}],"curies":[{"name":"wp","href":"https:\/\/api.w.org\/{rel}","templated":true}]}}